{"id":724,"date":"2023-02-16T14:29:51","date_gmt":"2023-02-16T14:29:51","guid":{"rendered":"https:\/\/mintur.globaluy.com\/?page_id=724"},"modified":"2026-02-13T12:18:47","modified_gmt":"2026-02-13T15:18:47","slug":"candombe","status":"publish","type":"page","link":"https:\/\/uruguaynatural.com\/es\/masqueunpais\/candombe\/","title":{"rendered":"Candombe"},"content":{"rendered":"<h2>Candombe<\/h2>\n<div>\n<p>Reconocido como Patrimonio Inmaterial de la Humanidad, el candome seduce a los visitantes con el peculiar sonido de sus tres tambores: chico, repique y piano. En el Desfile de Llamadas suenan al un\u00edsono a lo largo del trayecto recorrido, m\u00e1s de 2000 tambores. Esto no puede disfrutarse en otro momento ni lugar del mundo.<\/p>\n<p><img loading=\"lazy\" decoding=\"async\" src=\"https:\/\/mintur.globaluy.com\/wp-content\/uploads\/2023\/03\/be76d1a55ee5ffb3b2dc895570c95b36_L.jpg\" alt=\"Maniquies con vestimenta de comparsas\" width=\"600\" height=\"394\" class=\"size-full wp-image-988 alignright\" srcset=\"https:\/\/uruguaynatural.com\/wp-content\/uploads\/2023\/03\/be76d1a55ee5ffb3b2dc895570c95b36_L.jpg 600w, https:\/\/uruguaynatural.com\/wp-content\/uploads\/2023\/03\/be76d1a55ee5ffb3b2dc895570c95b36_L-300x197.jpg 300w\" sizes=\"(max-width: 600px) 100vw, 600px\" \/><\/p>\n<p>Las Sociedades de Negros y Lubolos o Comparsas de Candombe, son herederas de una tradici\u00f3n arraigada en las denominadas Salas de Naci\u00f3n de la \u00e9poca Colonial. Los africanos tra\u00eddos como esclavos lograron transmitir herencias y valores de su rica cultura y en ese proceso dieron nacimiento al \u201ctambor\u201d.<br \/>Los tambores constituyen la esencia de la comparsa. El ritmo del Candombe surge de la denominada cuerda, grupo formado por tres tipos de tambores: piano, repique y chico. El tambor es tocado golpeando la lonja con la mano abierta y con un palillo que puede batir tambi\u00e9n sobre la madera; se cuelga de un hombro mediante una correa para poder marchar mientras se toca.<br \/>Delante de la cuerda de tambores, cuyo n\u00famero puede superar los setenta ejecutantes, se despliega con sus trajes t\u00edpicos el resto de la comparsa.<br \/>El desfile de las Llamadas, toma su nombre de \u201cla llamada del tambor\u201d, que los afrodescendientes realizaban para reunirse \u201cen extramuros\u201d y desde finales del siglo XIX en algunas viviendas colectivas denominadas conventillos, en barrios o zonas de Montevideo.<br \/>Abre la marcha de cada agrupaci\u00f3n un estandarte, simbolizando el emblema de la Tribu o Etnia, otros elementos significativos son medialunas y estrellas, a las que se suman gigantes banderas.<br \/>Luego se ubica el cuerpo de baile y los personajes ancestrales. As\u00ed, el Gramillero representa al brujo de la tribu; se viste de levita, sombrero de copa, bast\u00f3n, gafas y barba blanca y lleva consigo una maleta con hierbas de propiedades curativas. Le acompa\u00f1a la Mama Vieja, de atuendos coloridos, con abanico y sombrilla, que baila lentamente coqueteando con el Gramillero. El Escobero originalmente guiaba a los tambores durante el desfile con un bast\u00f3n; hoy baila con una peque\u00f1a escoba, d\u00e1ndole movimiento siguiendo el ritmo de los tambores. Llamativas vedettes suman sensualidad a estas danzas, evocando rituales, bailando delante de la cuerda.<\/p>\n<\/div>\n<p><img decoding=\"async\" src=\"\/wp-content\/uploads\/2026\/02\/2-1.png\" alt=\"\"><br \/>\n<iframe src=\"https:\/\/www.youtube.com\/watch?v=SqZAyJs5o7E\"><\/iframe><\/p>\n<p><!--more--><br \/>\n<!-- {\"type\":\"layout\",\"children\":[{\"type\":\"section\",\"props\":{\"header_transparent\":\"light\",\"image\":\"\\\/wp-content\\\/uploads\\\/2023\\\/02\\\/candombe_baja.jpg\",\"image_position\":\"center-center\",\"image_size\":\"cover\",\"padding\":\"xlarge\",\"style\":\"default\",\"title_breakpoint\":\"xl\",\"title_position\":\"top-left\",\"title_rotation\":\"left\",\"vertical_align\":\"middle\",\"width\":\"default\"},\"children\":[{\"type\":\"row\",\"children\":[{\"type\":\"column\",\"props\":{\"image_position\":\"center-center\",\"media_overlay_gradient\":\"\",\"position_sticky_breakpoint\":\"m\"},\"children\":[]}]}]},{\"type\":\"section\",\"props\":{\"image_position\":\"center-center\",\"padding\":\"small\",\"padding_remove_bottom\":false,\"style\":\"default\",\"title_breakpoint\":\"xl\",\"title_position\":\"top-left\",\"title_rotation\":\"left\",\"vertical_align\":\"middle\",\"width\":\"default\"},\"children\":[{\"type\":\"row\",\"children\":[{\"type\":\"column\",\"props\":{\"image_position\":\"center-center\",\"media_overlay_gradient\":\"\",\"position_sticky_breakpoint\":\"m\"},\"children\":[{\"name\":\"Breadcrumbs Home Link Current Page\",\"type\":\"breadcrumbs\",\"children\":null,\"props\":{\"margin\":\"default\",\"show_current\":true,\"show_home\":false}}]}]}]},{\"type\":\"section\",\"props\":{\"image_position\":\"center-center\",\"padding_remove_top\":true,\"style\":\"default\",\"title_breakpoint\":\"xl\",\"title_position\":\"top-left\",\"title_rotation\":\"left\",\"vertical_align\":\"middle\",\"width\":\"default\"},\"children\":[{\"type\":\"row\",\"children\":[{\"type\":\"column\",\"props\":{\"image_position\":\"center-center\",\"media_overlay_gradient\":\"\",\"position_sticky_breakpoint\":\"m\"},\"children\":[{\"type\":\"headline\",\"props\":{\"content\":\"Candombe\",\"title_color\":\"primary\",\"title_element\":\"h2\"}},{\"type\":\"text\",\"props\":{\"column_breakpoint\":\"m\",\"content\":\"\n\n<p>Reconocido como Patrimonio Inmaterial de la Humanidad, el candome seduce a los visitantes con el peculiar sonido de sus tres tambores: chico, repique y piano. En el Desfile de Llamadas suenan al un\\u00edsono a lo largo del trayecto recorrido, m\\u00e1s de 2000 tambores. Esto no puede disfrutarse en otro momento ni lugar del mundo.<\\\/p>\\n\n\n<p><img src=\\\"https:\\\/\\\/mintur.globaluy.com\\\/wp-content\\\/uploads\\\/2023\\\/03\\\/be76d1a55ee5ffb3b2dc895570c95b36_L.jpg\\\" alt=\\\"Maniquies con vestimenta de comparsas\\\" width=\\\"600\\\" height=\\\"394\\\" class=\\\"size-full wp-image-988 alignright\\\" \\\/><\\\/p>\\n\n\n<p>Las Sociedades de Negros y Lubolos o Comparsas de Candombe, son herederas de una tradici\\u00f3n arraigada en las denominadas Salas de Naci\\u00f3n de la \\u00e9poca Colonial. Los africanos tra\\u00eddos como esclavos lograron transmitir herencias y valores de su rica cultura y en ese proceso dieron nacimiento al \\u201ctambor\\u201d.<br \\\/>Los tambores constituyen la esencia de la comparsa. El ritmo del Candombe surge de la denominada cuerda, grupo formado por tres tipos de tambores: piano, repique y chico. El tambor es tocado golpeando la lonja con la mano abierta y con un palillo que puede batir tambi\\u00e9n sobre la madera; se cuelga de un hombro mediante una correa para poder marchar mientras se toca.<br \\\/>Delante de la cuerda de tambores, cuyo n\\u00famero puede superar los setenta ejecutantes, se despliega con sus trajes t\\u00edpicos el resto de la comparsa.<br \\\/>El desfile de las Llamadas, toma su nombre de \\u201cla llamada del tambor\\u201d, que los afrodescendientes realizaban para reunirse \\u201cen extramuros\\u201d y desde finales del siglo XIX en algunas viviendas colectivas denominadas conventillos, en barrios o zonas de Montevideo.<br \\\/>Abre la marcha de cada agrupaci\\u00f3n un estandarte, simbolizando el emblema de la Tribu o Etnia, otros elementos significativos son medialunas y estrellas, a las que se suman gigantes banderas.<br \\\/>Luego se ubica el cuerpo de baile y los personajes ancestrales. As\\u00ed, el Gramillero representa al brujo de la tribu; se viste de levita, sombrero de copa, bast\\u00f3n, gafas y barba blanca y lleva consigo una maleta con hierbas de propiedades curativas. Le acompa\\u00f1a la Mama Vieja, de atuendos coloridos, con abanico y sombrilla, que baila lentamente coqueteando con el Gramillero. El Escobero originalmente guiaba a los tambores durante el desfile con un bast\\u00f3n; hoy baila con una peque\\u00f1a escoba, d\\u00e1ndole movimiento siguiendo el ritmo de los tambores. Llamativas vedettes suman sensualidad a estas danzas, evocando rituales, bailando delante de la cuerda.<\\\/p>\",\"content_en_us\":\"\n\n<p>Recognized as Intangible Heritage of Humanity, the candome seduces visitors with the peculiar sound of its three drums: chico, repique and piano. In the Parade of Llamadas, more than 2,000 drums sound in unison along the route. This can not be enjoyed at any other time or place in the world.<\\\/p>\\n\n\n<p><img src=\\\"https:\\\/\\\/mintur.globaluy.com\\\/wp-content\\\/uploads\\\/2023\\\/03\\\/be76d1a55ee5ffb3b2dc895570c95b36_L.jpg\\\" alt=\\\"Maniquies con vestimenta de comparsas\\\" width=\\\"600\\\" height=\\\"394\\\" class=\\\"size-full wp-image-988 alignright\\\" \\\/><\\\/p>\\n\n\n<p>The Societies of Negros and Lubolos or Comparsas de Candombe, are heirs of a tradition rooted in the so-called \\\"Salas de Naci\\u00f3n\\\" of the Colonial era. The Africans brought as slaves managed to transmit inheritances and values of their rich culture and in that process gave birth to the \\\"tambor\\\".<br \\\/>The drums constitute the essence of the comparsa. The rhythm of Candombe comes from the so-called cuerda, a group formed by three types of drums: piano, repique and chico. The tambor is played by hitting the lonja with the open hand and with a stick that can also beat on the wood; it is hung from a shoulder by means of a strap in order to be able to march while playing.<br \\\/>In front of the string of drums, whose number can exceed seventy performers, the rest of the comparsa is deployed with their typical costumes.<br \\\/>The Llamadas parade takes its name from \\\"the call of the drum\\\", which the Afro-descendants used to gather \\\"outside the walls\\\" and since the late nineteenth century in some collective dwellings called conventillos, in neighborhoods or areas of Montevideo.<br \\\/>The march of each group opens with a banner, symbolizing the emblem of the Tribe or Ethnic Group, other significant elements are crescent moons and stars, to which giant flags are added.<br \\\/>Then the dance troupe and the ancestral characters are placed. Thus, the Gramillero represents the sorcerer of the tribe; he is dressed in a frock coat, top hat, cane, glasses and white beard and carries a suitcase with herbs with healing properties. He is accompanied by the Mama Vieja, in colorful attire, with fan and parasol, who dances slowly flirting with the Gramillero. The Escobero originally guided the drums during the parade with a cane; today he dances with a small broom, giving movement following the rhythm of the drums. Striking vedettes add sensuality to these dances, evoking rituals, dancing in front of the rope.<\\\/p>\",\"content_pt_br\":\"\n\n<p>Reconhecido como Patrim\\u00f4nio Imaterial da Humanidade, o candombl\\u00e9 seduz os visitantes com o som peculiar de seus tr\\u00eas tambores: chico, repique e piano. Durante o Desfile de Llamadas, mais de 2.000 tambores soam em un\\u00edssono ao longo do percurso. Isso pode ser apreciado em nenhum outro momento ou lugar do mundo.<\\\/p>\\n\n\n<p><img src=\\\"https:\\\/\\\/mintur.globaluy.com\\\/wp-content\\\/uploads\\\/2023\\\/03\\\/be76d1a55ee5ffb3b2dc895570c95b36_L.jpg\\\" alt=\\\"Maniquies con vestimenta de comparsas\\\" width=\\\"600\\\" height=\\\"394\\\" class=\\\"size-full wp-image-988 alignright\\\" \\\/><\\\/p>\\n\n\n<p>As Sociedades de Negros e Lubolos ou \\\"Comparsas de Candombe\\\" s\\u00e3o herdeiras de uma tradi\\u00e7\\u00e3o enraizada nas chamadas \\\"Salas de Naci\\u00f3n\\\" da era colonial. Os africanos trazidos como escravos conseguiram transmitir a heran\\u00e7a e os valores de sua rica cultura e, nesse processo, deram origem ao \\\"tambor\\\".<br \\\/>Os tambores s\\u00e3o a ess\\u00eancia da comparsa. O ritmo do Candombe vem da chamada cuerda, um grupo formado por tr\\u00eas tipos de tambores: piano, repique e chico. O tambor \\u00e9 tocado batendo-se na lonja com a m\\u00e3o aberta e com um bast\\u00e3o que tamb\\u00e9m pode ser batido na madeira; ele \\u00e9 pendurado em um ombro por uma al\\u00e7a para que possa ser marchado enquanto \\u00e9 tocado.<br \\\/>Em frente ao conjunto de tambores, cujo n\\u00famero pode ultrapassar setenta tocadores, o restante da trupe se apresenta em seus trajes t\\u00edpicos.<br \\\/>O desfile das Llamadas leva o nome de \\\"o chamado do tambor\\\", que os afrodescendentes costumavam reunir \\\"fora dos muros\\\" e, desde o final do s\\u00e9culo XIX, em algumas habita\\u00e7\\u00f5es coletivas chamadas conventillos, em bairros ou \\u00e1reas de Montevid\\u00e9u.<br \\\/>A marcha de cada grupo come\\u00e7a com um estandarte que simboliza o emblema da tribo ou do grupo \\u00e9tnico; outros elementos significativos s\\u00e3o as luas crescentes e as estrelas, \\u00e0s quais s\\u00e3o acrescentadas bandeiras gigantes.<br \\\/>Em seguida, s\\u00e3o colocados o grupo de dan\\u00e7a e os personagens ancestrais. Assim, o Gramillero representa o feiticeiro da tribo; ele est\\u00e1 vestido com um palet\\u00f3, cartola, bengala, \\u00f3culos e barba branca e carrega uma maleta com ervas com propriedades curativas. Ele \\u00e9 acompanhado pela Mama Vieja, vestida de forma colorida, com leque e sombrinha, que dan\\u00e7a lentamente, flertando com o Gramillero. Originalmente, o Escobero guiava os tambores durante o desfile com uma vara; hoje ele dan\\u00e7a com uma pequena vassoura, dando movimento ao ritmo dos tambores. As vedetes marcantes acrescentam sensualidade a essas dan\\u00e7as, evocando rituais, dan\\u00e7ando em frente \\u00e0 corda.<\\\/p>\",\"margin\":\"default\"}},{\"type\":\"fragment\",\"children\":[{\"type\":\"row\",\"props\":{\"column_gap\":\"medium\",\"divider\":false,\"layout\":\"1-2,1-2\"},\"children\":[{\"type\":\"column\",\"props\":{\"image_position\":\"center-center\",\"media_overlay_gradient\":\"\",\"position_sticky_breakpoint\":\"m\",\"width_medium\":\"1-2\"},\"children\":[{\"type\":\"image\",\"props\":{\"image\":\"wp-content\\\/uploads\\\/2026\\\/02\\\/2-1.png\",\"image_height\":\"500\",\"image_svg_color\":\"emphasis\",\"margin\":\"default\",\"text_align\":\"center\"}}]},{\"type\":\"column\",\"props\":{\"image_position\":\"center-center\",\"media_overlay_gradient\":\"\",\"position_sticky_breakpoint\":\"m\",\"width_medium\":\"1-2\"},\"children\":[{\"type\":\"video\",\"props\":{\"margin\":\"default\",\"video\":\"https:\\\/\\\/www.youtube.com\\\/watch?v=SqZAyJs5o7E\",\"video_controls\":true,\"video_height\":\"500\",\"video_width\":\"100%\"}}]}]}]}]}]}]}],\"version\":\"3.0.18\"} --><\/p>\n","protected":false},"excerpt":{"rendered":"<p>Candombe Reconocido como Patrimonio Inmaterial de la Humanidad, el candome seduce a los visitantes con el peculiar sonido de sus tres tambores: chico, repique y piano. En el Desfile de Llamadas suenan al un\u00edsono a lo largo del trayecto recorrido, m\u00e1s de 2000 tambores. Esto no puede disfrutarse en otro momento ni lugar del mundo. [&hellip;]<\/p>\n","protected":false},"author":1,"featured_media":0,"parent":556,"menu_order":0,"comment_status":"closed","ping_status":"closed","template":"","meta":{"_acf_changed":false,"footnotes":""},"class_list":["post-724","page","type-page","status-publish","hentry"],"acf":[],"_links":{"self":[{"href":"https:\/\/uruguaynatural.com\/es\/wp-json\/wp\/v2\/pages\/724","targetHints":{"allow":["GET"]}}],"collection":[{"href":"https:\/\/uruguaynatural.com\/es\/wp-json\/wp\/v2\/pages"}],"about":[{"href":"https:\/\/uruguaynatural.com\/es\/wp-json\/wp\/v2\/types\/page"}],"author":[{"embeddable":true,"href":"https:\/\/uruguaynatural.com\/es\/wp-json\/wp\/v2\/users\/1"}],"replies":[{"embeddable":true,"href":"https:\/\/uruguaynatural.com\/es\/wp-json\/wp\/v2\/comments?post=724"}],"version-history":[{"count":4,"href":"https:\/\/uruguaynatural.com\/es\/wp-json\/wp\/v2\/pages\/724\/revisions"}],"predecessor-version":[{"id":7891,"href":"https:\/\/uruguaynatural.com\/es\/wp-json\/wp\/v2\/pages\/724\/revisions\/7891"}],"up":[{"embeddable":true,"href":"https:\/\/uruguaynatural.com\/es\/wp-json\/wp\/v2\/pages\/556"}],"wp:attachment":[{"href":"https:\/\/uruguaynatural.com\/es\/wp-json\/wp\/v2\/media?parent=724"}],"curies":[{"name":"wp","href":"https:\/\/api.w.org\/{rel}","templated":true}]}}