{"id":715,"date":"2023-02-16T14:17:02","date_gmt":"2023-02-16T14:17:02","guid":{"rendered":"https:\/\/mintur.globaluy.com\/?page_id=715"},"modified":"2023-10-17T14:56:09","modified_gmt":"2023-10-17T17:56:09","slug":"cine","status":"publish","type":"page","link":"https:\/\/uruguaynatural.com\/es\/masqueunpais\/cine\/","title":{"rendered":"Cine"},"content":{"rendered":"<h2>Cine<\/h2>\n<div>\n<p>En los \u00faltimos 25 a\u00f1os, el cine uruguayo alcanz\u00f3 un nivel extraordinario con pel\u00edculas como Whisky y El ba\u00f1o del Papa, premiadas en festivales de todo el mundo.<\/p>\n<p>El cine de Uruguay tiene m\u00e1s de un siglo de historia. Si bien el invento de Louis Lumi\u00e8re lleg\u00f3 al pa\u00eds en forma temprana &#8211; ya en 1898 el pa\u00eds contaba con su primer pel\u00edcula documental, Carrera de bicicletas en el vel\u00f3dromo de Arroyo Seco de F\u00e9lix Oliver &#8211; los primeros cien a\u00f1os estuvieron marcados por la escasez de recursos y la intermitencia de los proyectos.<\/p>\n<p>Sin embargo, en los \u00faltimos 25 a\u00f1os, el cine uruguayo alcanz\u00f3 un nivel extraordinario tanto por las producciones nacionales que se destacan en los m\u00e1s diversos festivales del mundo como por los servicios de producci\u00f3n que se ofrecen en el pa\u00eds a producciones extranjeras en \u00e1reas como la publicidad, el cine documental o los largometrajes argumentales.<\/p>\n<p>El largometraje 25 Watts (2001) signific\u00f3 un gran est\u00edmulo para el autoestima del cine nacional tras recibir 10 premios internacionales, incluyendo Mejor pel\u00edcula en el Festival Internacional de Cine de R\u00f3terdam y Mejor opera prima en el Festival de La Habana. Desde entonces, todos los a\u00f1os alguna pel\u00edcula uruguaya es premiada en festivales de cine de todo el mundo.<br \/>Una interesante lectura para quienes quieran introducirse en la evoluci\u00f3n de la producci\u00f3n cinematogr\u00e1fica uruguaya en las \u00faltimas d\u00e9cadas son los cat\u00e1logos elaborados por la Uruguay Film Commission &amp; Promotion Office, que sintetiza las principales realizaciones tanto en el plano de la Ficci\u00f3n como del Documental. A su vez, existe uno espec\u00edficamente dedicado a la promoci\u00f3n de las excelentes locaciones con las que cuenta Uruguay para filmar.<\/p>\n<\/p>\n<p><iframe loading=\"lazy\" width=\"100%\" height=\"500\" src=\"https:\/\/www.youtube.com\/embed\/zRP2br9yDgY?si=QGvVReH0k2OMUsv3\" title=\"YouTube video player\" frameborder=\"0\" allow=\"accelerometer; autoplay; clipboard-write; encrypted-media; gyroscope; picture-in-picture; web-share\" allowfullscreen=\"allowfullscreen\"><\/iframe><\/p>\n<\/div>\n<h3>Links de inter\u00e9s<\/h3>\n<hr>\n<ul>\n<li>\n        <a href=\"https:\/\/icau.mec.gub.uy\/#\">Agencia del Cine y el Audiovisual del Uruguay<\/a>\n    <\/li>\n<li>\n        <a href=\"https:\/\/mvdaudiovisual.montevideo.gub.uy\/\">Montevideo Audiovisual<\/a>\n    <\/li>\n<\/ul>\n<p><!--more--><br \/>\n<!-- {\"type\":\"layout\",\"children\":[{\"type\":\"section\",\"props\":{\"header_transparent\":\"light\",\"image\":\"\\\/wp-content\\\/uploads\\\/2023\\\/02\\\/1570716711859.jpg\",\"image_position\":\"center-left\",\"image_size\":\"cover\",\"padding\":\"xlarge\",\"style\":\"default\",\"title_breakpoint\":\"xl\",\"title_position\":\"top-left\",\"title_rotation\":\"left\",\"vertical_align\":\"middle\",\"width\":\"default\"},\"children\":[{\"type\":\"row\",\"children\":[{\"type\":\"column\",\"props\":{\"image_position\":\"center-center\",\"media_overlay_gradient\":\"\",\"position_sticky_breakpoint\":\"m\"},\"children\":[]}]}]},{\"type\":\"section\",\"props\":{\"image_position\":\"center-center\",\"padding\":\"small\",\"padding_remove_bottom\":false,\"style\":\"default\",\"title_breakpoint\":\"xl\",\"title_position\":\"top-left\",\"title_rotation\":\"left\",\"vertical_align\":\"middle\",\"width\":\"default\"},\"children\":[{\"type\":\"row\",\"children\":[{\"type\":\"column\",\"props\":{\"image_position\":\"center-center\",\"media_overlay_gradient\":\"\",\"position_sticky_breakpoint\":\"m\"},\"children\":[{\"name\":\"Breadcrumbs Home Link Current Page\",\"type\":\"breadcrumbs\",\"children\":null,\"props\":{\"margin\":\"default\",\"show_current\":true,\"show_home\":false}}]}]}]},{\"type\":\"section\",\"props\":{\"image_position\":\"center-center\",\"padding_remove_top\":true,\"style\":\"default\",\"title_breakpoint\":\"xl\",\"title_position\":\"top-left\",\"title_rotation\":\"left\",\"vertical_align\":\"middle\",\"width\":\"default\"},\"children\":[{\"type\":\"row\",\"children\":[{\"type\":\"column\",\"props\":{\"image_position\":\"center-center\",\"media_overlay_gradient\":\"\",\"position_sticky_breakpoint\":\"m\"},\"children\":[{\"type\":\"headline\",\"props\":{\"content\":\"Cine\",\"content_en_us\":\"Film\",\"content_pt_br\":\"Cinema\",\"title_color\":\"primary\",\"title_element\":\"h2\"}},{\"type\":\"text\",\"props\":{\"column_breakpoint\":\"m\",\"content\":\"\n\n<p>En los \\u00faltimos 25 a\\u00f1os, el cine uruguayo alcanz\\u00f3 un nivel extraordinario con pel\\u00edculas como Whisky y El ba\\u00f1o del Papa, premiadas en festivales de todo el mundo.<\\\/p>\\n\n\n<p>El cine de Uruguay tiene m\\u00e1s de un siglo de historia. Si bien el invento de Louis Lumi\\u00e8re lleg\\u00f3 al pa\\u00eds en forma temprana - ya en 1898 el pa\\u00eds contaba con su primer pel\\u00edcula documental, Carrera de bicicletas en el vel\\u00f3dromo de Arroyo Seco de F\\u00e9lix Oliver - los primeros cien a\\u00f1os estuvieron marcados por la escasez de recursos y la intermitencia de los proyectos.<\\\/p>\\n\n\n<p>Sin embargo, en los \\u00faltimos 25 a\\u00f1os, el cine uruguayo alcanz\\u00f3 un nivel extraordinario tanto por las producciones nacionales que se destacan en los m\\u00e1s diversos festivales del mundo como por los servicios de producci\\u00f3n que se ofrecen en el pa\\u00eds a producciones extranjeras en \\u00e1reas como la publicidad, el cine documental o los largometrajes argumentales.<\\\/p>\\n\n\n<p>El largometraje 25 Watts (2001) signific\\u00f3 un gran est\\u00edmulo para el autoestima del cine nacional tras recibir 10 premios internacionales, incluyendo Mejor pel\\u00edcula en el Festival Internacional de Cine de R\\u00f3terdam y Mejor opera prima en el Festival de La Habana. Desde entonces, todos los a\\u00f1os alguna pel\\u00edcula uruguaya es premiada en festivales de cine de todo el mundo.<br \\\/>Una interesante lectura para quienes quieran introducirse en la evoluci\\u00f3n de la producci\\u00f3n cinematogr\\u00e1fica uruguaya en las \\u00faltimas d\\u00e9cadas son los cat\\u00e1logos elaborados por la Uruguay Film Commission &amp; Promotion Office, que sintetiza las principales realizaciones tanto en el plano de la Ficci\\u00f3n como del Documental. A su vez, existe uno espec\\u00edficamente dedicado a la promoci\\u00f3n de las excelentes locaciones con las que cuenta Uruguay para filmar.<\\\/p>\\n\n\n<p><\\\/p>\\n\n\n<p><iframe width=\\\"100%\\\" height=\\\"500\\\" src=\\\"https:\\\/\\\/www.youtube.com\\\/embed\\\/zRP2br9yDgY?si=QGvVReH0k2OMUsv3\\\" title=\\\"YouTube video player\\\" frameborder=\\\"0\\\" allow=\\\"accelerometer; autoplay; clipboard-write; encrypted-media; gyroscope; picture-in-picture; web-share\\\" allowfullscreen=\\\"allowfullscreen\\\"><\\\/iframe><\\\/p>\",\"content_en_us\":\"\n\n<p>In the last 25 years, Uruguayan cinema has reached an extraordinary level with films such as Whisky and El ba\\u00f1o del Papa, which have won awards at festivals around the world.<\\\/p>\\n\n\n<p>Uruguayan cinema has more than a century of history. Although Louis Lumi\\u00e8re's invention arrived in the country early - as early as 1898 the country had its first documentary film, Carrera de bicicletas en el vel\\u00f3dromo de Arroyo Seco by F\\u00e9lix Oliver - the first hundred years were marked by scarce resources and intermittent projects.<\\\/p>\\n\n\n<p>However, in the last 25 years, Uruguayan cinema has reached an extraordinary level, both for the national productions that stand out in the most diverse festivals around the world and for the production services offered in the country to foreign productions in areas such as advertising, documentary films or feature films.<\\\/p>\\n\n\n<p>The feature film 25 Watts (2001) was a great boost to the self-esteem of national cinema after receiving 10 international awards, including Best Film at the International Film Festival Rotterdam and Best First Film at the Havana Film Festival. Since then, every year some Uruguayan film has won awards at film festivals around the world.<br \\\/>An interesting reading for those who want to learn about the evolution of Uruguayan film production in recent decades are the catalogs prepared by the Uruguay Film Commission &amp; Promotion Office, which summarizes the main productions in both Fiction and Documentary. There is also one specifically dedicated to the promotion of Uruguay's excellent filming locations.<\\\/p>\\n\n\n<p><\\\/p>\\n\n\n<p><iframe width=\\\"100%\\\" height=\\\"500\\\" src=\\\"https:\\\/\\\/www.youtube.com\\\/embed\\\/zRP2br9yDgY?si=QGvVReH0k2OMUsv3\\\" title=\\\"YouTube video player\\\" frameborder=\\\"0\\\" allow=\\\"accelerometer; autoplay; clipboard-write; encrypted-media; gyroscope; picture-in-picture; web-share\\\" allowfullscreen=\\\"allowfullscreen\\\"><\\\/iframe><\\\/p>\",\"content_pt_br\":\"\n\n<p>Nos \\u00faltimos 25 anos, o cinema uruguaio atingiu um n\\u00edvel extraordin\\u00e1rio com filmes como Whisky e El ba\\u00f1o del Papa, que ganharam pr\\u00eamios em festivais de todo o mundo.<\\\/p>\\n\n\n<p>O cinema uruguaio tem mais de um s\\u00e9culo de hist\\u00f3ria. Embora a inven\\u00e7\\u00e3o de Louis Lumi\\u00e8re tenha chegado cedo ao pa\\u00eds - j\\u00e1 em 1898 o pa\\u00eds teve seu primeiro filme document\\u00e1rio, Carrera de bicicletas en el vel\\u00f3dromo de Arroyo Seco, de F\\u00e9lix Oliver - os primeiros cem anos foram marcados por recursos escassos e projetos intermitentes.<\\\/p>\\n\n\n<p>No entanto, nos \\u00faltimos 25 anos, o cinema uruguaio atingiu um n\\u00edvel extraordin\\u00e1rio, tanto em termos de produ\\u00e7\\u00f5es nacionais que se destacam nos mais diversos festivais do mundo quanto nos servi\\u00e7os de produ\\u00e7\\u00e3o oferecidos no pa\\u00eds a produ\\u00e7\\u00f5es estrangeiras em \\u00e1reas como publicidade, document\\u00e1rios e longas-metragens.<\\\/p>\\n\n\n<p>O longa-metragem 25 Watts (2001) foi um grande impulso para a autoestima do cinema nacional ap\\u00f3s receber 10 pr\\u00eamios internacionais, incluindo Melhor Filme no Festival Internacional de Cinema de Roterd\\u00e3 e Melhor Primeiro Filme no Festival de Cinema de Havana. Desde ent\\u00e3o, todos os anos algum filme uruguaio ganha pr\\u00eamios em festivais de cinema em todo o mundo.<br \\\/>Os cat\\u00e1logos produzidos pela Uruguay Film Commission &amp; Promotion Office s\\u00e3o uma leitura interessante para quem deseja conhecer a evolu\\u00e7\\u00e3o da produ\\u00e7\\u00e3o cinematogr\\u00e1fica uruguaia nas \\u00faltimas d\\u00e9cadas, pois resumem as principais produ\\u00e7\\u00f5es, tanto de fic\\u00e7\\u00e3o quanto de document\\u00e1rio. H\\u00e1 tamb\\u00e9m um dedicado especificamente \\u00e0 promo\\u00e7\\u00e3o dos excelentes locais de filmagem do Uruguai.<\\\/p>\\n\n\n<p><\\\/p>\\n\n\n<p><iframe width=\\\"100%\\\" height=\\\"500\\\" src=\\\"https:\\\/\\\/www.youtube.com\\\/embed\\\/zRP2br9yDgY?si=QGvVReH0k2OMUsv3\\\" title=\\\"YouTube video player\\\" frameborder=\\\"0\\\" allow=\\\"accelerometer; autoplay; clipboard-write; encrypted-media; gyroscope; picture-in-picture; web-share\\\" allowfullscreen=\\\"allowfullscreen\\\"><\\\/iframe><\\\/p>\",\"margin\":\"default\"}}]}]},{\"type\":\"row\",\"children\":[{\"type\":\"column\",\"props\":{\"image_position\":\"center-center\",\"media_overlay_gradient\":\"\",\"position_sticky_breakpoint\":\"m\"},\"children\":[{\"type\":\"headline\",\"props\":{\"content\":\"Links de inter\\u00e9s\",\"content_en_us\":\"Interesting links\",\"content_pt_br\":\"Links de interesse\",\"margin\":\"remove-vertical\",\"title_color\":\"primary\",\"title_element\":\"h3\"}},{\"type\":\"divider\",\"props\":{\"divider_element\":\"hr\",\"margin\":\"remove-vertical\"}},{\"name\":\"Button Icon Left\",\"type\":\"button\",\"children\":[{\"type\":\"button_item\",\"props\":{\"button_style\":\"default\",\"content\":\"Agencia del Cine y el Audiovisual del Uruguay\",\"icon\":\"link\",\"icon_align\":\"left\",\"link\":\"https:\\\/\\\/icau.mec.gub.uy\\\/#\",\"link_title\":\"Agencia del Cine y el Audiovisual del Uruguay\"}},{\"type\":\"button_item\",\"props\":{\"button_style\":\"text\",\"content\":\"Montevideo Audiovisual\",\"icon\":\"link\",\"icon_align\":\"left\",\"link\":\"https:\\\/\\\/mvdaudiovisual.montevideo.gub.uy\\\/\"}}],\"props\":{\"block_align\":\"center\",\"grid_column_gap\":\"medium\",\"grid_row_gap\":\"medium\",\"margin\":\"default\",\"margin_remove_top\":false}}]}]}]}],\"version\":\"3.0.18\"} --><\/p>\n","protected":false},"excerpt":{"rendered":"<p>Cine En los \u00faltimos 25 a\u00f1os, el cine uruguayo alcanz\u00f3 un nivel extraordinario con pel\u00edculas como Whisky y El ba\u00f1o del Papa, premiadas en festivales de todo el mundo. El cine de Uruguay tiene m\u00e1s de un siglo de historia. Si bien el invento de Louis Lumi\u00e8re lleg\u00f3 al pa\u00eds en forma temprana &#8211; ya [&hellip;]<\/p>\n","protected":false},"author":1,"featured_media":0,"parent":556,"menu_order":0,"comment_status":"closed","ping_status":"closed","template":"","meta":{"_acf_changed":false,"footnotes":""},"class_list":["post-715","page","type-page","status-publish","hentry"],"acf":[],"_links":{"self":[{"href":"https:\/\/uruguaynatural.com\/es\/wp-json\/wp\/v2\/pages\/715","targetHints":{"allow":["GET"]}}],"collection":[{"href":"https:\/\/uruguaynatural.com\/es\/wp-json\/wp\/v2\/pages"}],"about":[{"href":"https:\/\/uruguaynatural.com\/es\/wp-json\/wp\/v2\/types\/page"}],"author":[{"embeddable":true,"href":"https:\/\/uruguaynatural.com\/es\/wp-json\/wp\/v2\/users\/1"}],"replies":[{"embeddable":true,"href":"https:\/\/uruguaynatural.com\/es\/wp-json\/wp\/v2\/comments?post=715"}],"version-history":[{"count":12,"href":"https:\/\/uruguaynatural.com\/es\/wp-json\/wp\/v2\/pages\/715\/revisions"}],"predecessor-version":[{"id":3854,"href":"https:\/\/uruguaynatural.com\/es\/wp-json\/wp\/v2\/pages\/715\/revisions\/3854"}],"up":[{"embeddable":true,"href":"https:\/\/uruguaynatural.com\/es\/wp-json\/wp\/v2\/pages\/556"}],"wp:attachment":[{"href":"https:\/\/uruguaynatural.com\/es\/wp-json\/wp\/v2\/media?parent=715"}],"curies":[{"name":"wp","href":"https:\/\/api.w.org\/{rel}","templated":true}]}}