{"id":677,"date":"2023-02-16T12:16:33","date_gmt":"2023-02-16T12:16:33","guid":{"rendered":"https:\/\/mintur.globaluy.com\/?page_id=677"},"modified":"2023-09-08T14:34:39","modified_gmt":"2023-09-08T17:34:39","slug":"fiestas-tradicionales","status":"publish","type":"page","link":"https:\/\/uruguaynatural.com\/es\/masqueunpais\/fiestas-tradicionales\/","title":{"rendered":"Fiestas tradicionales"},"content":{"rendered":"<h2>Fiestas tradicionales<\/h2>\n<div>\n<div class=\"uruguay-es-content\">\n<p><span>Canto, payadas, jineteadas, fogones y destrezas camperas son protagonistas en cientos de fiestas tradicionales durante todo el a\u00f1o. Lo invitamos a descubrirlas.<\/span><\/p>\n<p>A trav\u00e9s de diferentes fiestas y festivales realizados durante todo el a\u00f1o a lo largo y ancho del territorio uruguayo, se expresan las m\u00e1s representativas tradiciones rurales del pa\u00eds. Son un ejemplo claro de ello, la Fiesta de la Patria Gaucha en Tacuaremb\u00f3, la Semana Criolla del Prado en Montevideo y la del Parque Roosevelt en Canelones, entre varias otras.<br \/>Canto, m\u00fasica, payadas, jineteadas, fogones, demostraciones de destrezas camperas suelen converger en estas festividades que constituyen una marca t\u00edpica de la identidad uruguaya que no puede dejarse de conocer.<br \/>El folklore uruguayo presenta distintas manifestaciones y ritmos como la Vidalita, la Milonga, la Payada y el Peric\u00f3n, siempre acompa\u00f1adas por la guitarra. Este instrumento musical, introducido durante el per\u00edodo de la dominaci\u00f3n espa\u00f1ola, es inseparable de todo cancionero criollo y expresi\u00f3n gauchesca. Del mismo modo, el acorde\u00f3n ha enriquecido con su graciosa cadencia, la m\u00fasica de nuestro folclore.<\/p>\n<\/div>\n<\/div>\n<h3>Descargas<\/h3>\n<hr>\n<p>\n    <a href=\"#\">Gu\u00eda de fiestas uruguayas<\/a>\n<\/p>\n<p><!--more--><br \/>\n<!-- {\"type\":\"layout\",\"children\":[{\"type\":\"section\",\"props\":{\"header_transparent\":\"light\",\"image\":\"\\\/wp-content\\\/uploads\\\/2023\\\/02\\\/gaucho_HD.jpg\",\"image_position\":\"center-center\",\"image_size\":\"cover\",\"padding\":\"xlarge\",\"style\":\"default\",\"title_breakpoint\":\"xl\",\"title_position\":\"top-left\",\"title_rotation\":\"left\",\"vertical_align\":\"middle\",\"width\":\"default\"},\"children\":[{\"type\":\"row\",\"children\":[{\"type\":\"column\",\"props\":{\"image_position\":\"center-center\",\"media_overlay_gradient\":\"\",\"position_sticky_breakpoint\":\"m\"},\"children\":[]}]}]},{\"type\":\"section\",\"props\":{\"image_position\":\"center-center\",\"padding\":\"small\",\"padding_remove_bottom\":false,\"style\":\"default\",\"title_breakpoint\":\"xl\",\"title_position\":\"top-left\",\"title_rotation\":\"left\",\"vertical_align\":\"middle\",\"width\":\"default\"},\"children\":[{\"type\":\"row\",\"children\":[{\"type\":\"column\",\"props\":{\"image_position\":\"center-center\",\"media_overlay_gradient\":\"\",\"position_sticky_breakpoint\":\"m\"},\"children\":[{\"name\":\"Breadcrumbs Home Link Current Page\",\"type\":\"breadcrumbs\",\"children\":null,\"props\":{\"margin\":\"default\",\"show_current\":true,\"show_home\":false}}]}]}]},{\"type\":\"section\",\"props\":{\"image_position\":\"center-center\",\"padding_remove_top\":true,\"style\":\"default\",\"title_breakpoint\":\"xl\",\"title_position\":\"top-left\",\"title_rotation\":\"left\",\"vertical_align\":\"middle\",\"width\":\"default\"},\"children\":[{\"type\":\"row\",\"children\":[{\"type\":\"column\",\"props\":{\"image_position\":\"center-center\",\"media_overlay_gradient\":\"\",\"position_sticky_breakpoint\":\"m\"},\"children\":[{\"type\":\"headline\",\"props\":{\"content\":\"Fiestas tradicionales\",\"content_en_us\":\"Traditional festivities\",\"content_pt_br\":\"Festas tradicionais\",\"title_color\":\"primary\",\"title_element\":\"h2\"}},{\"type\":\"text\",\"props\":{\"column_breakpoint\":\"m\",\"content\":\"\n\n<div class=\\\"uruguay-es-content\\\">\\n\n\n<p><span>Canto, payadas, jineteadas, fogones y destrezas camperas son protagonistas en cientos de fiestas tradicionales durante todo el a\\u00f1o. Lo invitamos a descubrirlas.<\\\/span><\\\/p>\\n\n\n<p>A trav\\u00e9s de diferentes fiestas y festivales realizados durante todo el a\\u00f1o a lo largo y ancho del territorio uruguayo, se expresan las m\\u00e1s representativas tradiciones rurales del pa\\u00eds. Son un ejemplo claro de ello, la Fiesta de la Patria Gaucha en Tacuaremb\\u00f3, la Semana Criolla del Prado en Montevideo y la del Parque Roosevelt en Canelones, entre varias otras.<br \\\/>Canto, m\\u00fasica, payadas, jineteadas, fogones, demostraciones de destrezas camperas suelen converger en estas festividades que constituyen una marca t\\u00edpica de la identidad uruguaya que no puede dejarse de conocer.<br \\\/>El folklore uruguayo presenta distintas manifestaciones y ritmos como la Vidalita, la Milonga, la Payada y el Peric\\u00f3n, siempre acompa\\u00f1adas por la guitarra. Este instrumento musical, introducido durante el per\\u00edodo de la dominaci\\u00f3n espa\\u00f1ola, es inseparable de todo cancionero criollo y expresi\\u00f3n gauchesca. Del mismo modo, el acorde\\u00f3n ha enriquecido con su graciosa cadencia, la m\\u00fasica de nuestro folclore.<\\\/p>\\n<\\\/div>\",\"content_en_us\":\"\n\n<p>Singing, payadas, jineteadas, bonfires and country skills are protagonists in hundreds of traditional festivities throughout the year. We invite you to discover them.<\\\/p>\\n\n\n<p>The most representative rural traditions of the country are expressed through different parties and festivals held throughout the year throughout the Uruguayan territory. A clear example of this is the Fiesta de la Patria Gaucha in Tacuaremb\\u00f3, the Semana Criolla del Prado in Montevideo and the Parque Roosevelt in Canelones, among many others.<br \\\/>Song, music, payadas, jineteadas, bonfires, demonstrations of country skills usually converge in these festivities that constitute a typical mark of the Uruguayan identity that cannot be missed.<br \\\/>Uruguayan folklore presents different manifestations and rhythms such as the Vidalita, the Milonga, the Payada and the Peric\\u00f3n, always accompanied by the guitar. This musical instrument, introduced during the period of Spanish domination, is inseparable from every Creole songbook and gaucho expression. In the same way, the accordion has enriched with its graceful cadence, the music of our folklore.<\\\/p>\",\"content_pt_br\":\"\n\n<p>Cantorias, payadas, jineteadas, fogueiras e habilidades rurais s\\u00e3o os protagonistas de centenas de festividades tradicionais ao longo do ano. N\\u00f3s o convidamos a descobri-las.<\\\/p>\\n\n\n<p>As tradi\\u00e7\\u00f5es rurais mais representativas do pa\\u00eds s\\u00e3o expressas em diferentes festivais e celebra\\u00e7\\u00f5es realizadas ao longo do ano em todo o territ\\u00f3rio uruguaio. Um exemplo claro disso \\u00e9 a Fiesta de la Patria Gaucha em Tacuaremb\\u00f3, a Semana Criolla del Prado em Montevid\\u00e9u e o Parque Roosevelt em Canelones, entre muitos outros.<br \\\/>Canto, m\\u00fasica, payadas, jineteadas, fogueiras, demonstra\\u00e7\\u00f5es de habilidades rurais geralmente convergem nessas festividades que constituem uma marca t\\u00edpica da identidade uruguaia que n\\u00e3o pode ser perdida.<br \\\/>O folclore uruguaio apresenta diferentes manifesta\\u00e7\\u00f5es e ritmos, como a Vidalita, a Milonga, a Payada e o Peric\\u00f3n, sempre acompanhados pelo viol\\u00e3o. Esse instrumento musical, introduzido durante o per\\u00edodo de domina\\u00e7\\u00e3o espanhola, \\u00e9 insepar\\u00e1vel de todo cancioneiro crioulo e da express\\u00e3o ga\\u00facha. Da mesma forma, o acorde\\u00e3o enriqueceu a m\\u00fasica do nosso folclore com sua cad\\u00eancia graciosa.<\\\/p>\",\"margin\":\"default\"}}]}]},{\"type\":\"row\",\"children\":[{\"type\":\"column\",\"props\":{\"image_position\":\"center-center\",\"media_overlay_gradient\":\"\",\"position_sticky_breakpoint\":\"m\"},\"children\":[{\"type\":\"headline\",\"props\":{\"content\":\"Descargas\",\"content_en_us\":\"Downloads\",\"content_pt_br\":\"Downloads\",\"margin\":\"remove-vertical\",\"margin_remove_bottom\":true,\"title_color\":\"primary\",\"title_element\":\"h3\"}},{\"type\":\"divider\",\"props\":{\"divider_align\":\"left\",\"divider_element\":\"hr\",\"divider_style\":\"\",\"margin\":\"remove-vertical\"}},{\"name\":\"Button Icon Left\",\"type\":\"button\",\"children\":[{\"type\":\"button_item\",\"props\":{\"button_style\":\"\",\"content\":\"Gu\\u00eda de fiestas uruguayas\",\"content_en_us\":\"Guide to Uruguayan festivals\",\"content_pt_br\":\"Guia de festivais uruguaios\",\"icon\":\"file-pdf\",\"icon_align\":\"left\",\"link\":\"#\"}}],\"props\":{\"block_align\":\"center\",\"grid_column_gap\":\"medium\",\"grid_row_gap\":\"medium\",\"margin\":\"default\",\"margin_remove_top\":false}}]}]}]}],\"version\":\"3.0.18\"} --><\/p>\n","protected":false},"excerpt":{"rendered":"<p>Fiestas tradicionales Canto, payadas, jineteadas, fogones y destrezas camperas son protagonistas en cientos de fiestas tradicionales durante todo el a\u00f1o. Lo invitamos a descubrirlas. A trav\u00e9s de diferentes fiestas y festivales realizados durante todo el a\u00f1o a lo largo y ancho del territorio uruguayo, se expresan las m\u00e1s representativas tradiciones rurales del pa\u00eds. Son un [&hellip;]<\/p>\n","protected":false},"author":1,"featured_media":0,"parent":556,"menu_order":0,"comment_status":"closed","ping_status":"closed","template":"","meta":{"_acf_changed":false,"footnotes":""},"class_list":["post-677","page","type-page","status-publish","hentry"],"acf":[],"_links":{"self":[{"href":"https:\/\/uruguaynatural.com\/es\/wp-json\/wp\/v2\/pages\/677","targetHints":{"allow":["GET"]}}],"collection":[{"href":"https:\/\/uruguaynatural.com\/es\/wp-json\/wp\/v2\/pages"}],"about":[{"href":"https:\/\/uruguaynatural.com\/es\/wp-json\/wp\/v2\/types\/page"}],"author":[{"embeddable":true,"href":"https:\/\/uruguaynatural.com\/es\/wp-json\/wp\/v2\/users\/1"}],"replies":[{"embeddable":true,"href":"https:\/\/uruguaynatural.com\/es\/wp-json\/wp\/v2\/comments?post=677"}],"version-history":[{"count":3,"href":"https:\/\/uruguaynatural.com\/es\/wp-json\/wp\/v2\/pages\/677\/revisions"}],"predecessor-version":[{"id":3379,"href":"https:\/\/uruguaynatural.com\/es\/wp-json\/wp\/v2\/pages\/677\/revisions\/3379"}],"up":[{"embeddable":true,"href":"https:\/\/uruguaynatural.com\/es\/wp-json\/wp\/v2\/pages\/556"}],"wp:attachment":[{"href":"https:\/\/uruguaynatural.com\/es\/wp-json\/wp\/v2\/media?parent=677"}],"curies":[{"name":"wp","href":"https:\/\/api.w.org\/{rel}","templated":true}]}}