{"id":379,"date":"2023-01-19T16:10:00","date_gmt":"2023-01-19T16:10:00","guid":{"rendered":"https:\/\/mintur.globaluy.com\/?page_id=379"},"modified":"2026-04-16T11:27:18","modified_gmt":"2026-04-16T14:27:18","slug":"lugares-para-ir-region-norte","status":"publish","type":"page","link":"https:\/\/uruguaynatural.com\/es\/lugares-para-ir-region-norte\/","title":{"rendered":"Lugares para ir &#8211; Regi\u00f3n Norte"},"content":{"rendered":"<div>\n<p class=\"explain-p\">Haz hover o click en una regi\u00f3n para explorar sus destinos.<\/p>\n<\/div>\n<h1>\n<h2 class=\"uk-text-primary uk-margin-remove\"> Un corte y <span class=\"uk-text-highlight uk-text-highlight--turquesa\">una quebrada<\/span><\/h2>\n<\/h1>\n<div>\n<\/div>\n<h1>\n<h2 class=\"uk-text-primary uk-margin-remove\"> Experiencias <span class=\"uk-text-highlight uk-text-highlight--violeta\">cercanas<\/span><\/h2>\n<\/h1>\n<p><!--more--><br \/>\n<!-- {\"type\":\"layout\",\"children\":[{\"type\":\"section\",\"props\":{\"header_transparent\":true,\"header_transparent_text_color\":\"light\",\"image\":\"\/wp-content\/uploads\/2023\/04\/norte_valle-del-lunarejo.jpg\",\"image_position\":\"center-center\",\"image_size\":\"cover\",\"style\":\"default\",\"title_breakpoint\":\"xl\",\"title_position\":\"top-left\",\"title_rotation\":\"left\",\"vertical_align\":\"\",\"width\":\"default\"},\"children\":[{\"type\":\"row\",\"children\":[{\"type\":\"column\",\"props\":{\"image_position\":\"center-center\",\"position_sticky_breakpoint\":\"m\"},\"children\":[{\"type\":\"region-selector\",\"props\":{\"body\":\"\n\n<h2 class=\\\"uk-text-primary\\\">Regi\u00f3n <span class=\\\"uk-text-highlight uk-text-highlight--turquesa\\\">Este<\/span><\/h2>\n\n\n\n<p>Playas parad\u00edsiacas sobre el oc\u00e9ano atl\u00e1ntico, \u00e1reas protegidas ideales para la pr\u00e1ctica de ecoturismo y antiguos cascos de estancia para vivir la vida del gaucho hacen del este una cita impostergable.<\/p>\n\n\",\"centrosur_link\":\"lugares-para-ir-region-centro-sur\/\",\"este_link\":\"lugares-para-ir-region-este\/\",\"litoral_link\":\"lugares-para-ir-region-litoral\/\",\"litoral_norte_link\":\"lugares-para-ir-region-litoral-norte\/\",\"litoral_sur_link\":\"lugares-para-ir-region-litoral-sur\/\",\"metropolitana_link\":\"lugares-para-ir-region-metropolitana\/\",\"norte_link\":\"lugares-para-ir-region-norte\/\",\"region\":\"Norte\",\"title\":\"\n\n<h2 class=\\\"uk-text-primary\\\">Regi\u00f3n <span class=\\\"uk-text-highlight uk-text-highlight--violeta\\\">Norte<\/span><\/h2>\n\n\\n\n\n<p>Sumergirse en at\u00edpicas quebradas de clima sub tropical, conocer la villa donde naci\u00f3 Carlos Gardel o ir de shopping a modernos freeshop son algunas de las alternativas que ofrece esta regi\u00f3n.<\/p>\n\n\",\"title_en_us\":\"\n\n<h2 class=\\\"uk-text-primary\\\">Northern <span class=\\\"uk-text-highlight uk-text-highlight--violeta\\\">Region<\/span><\/h2>\n\n\\n\n\n<p>Immerse yourself in atypical subtropical climate ravines, visit the village where Carlos Gardel was born or go shopping in modern freeshops are some of the alternatives offered by this region.<\/p>\n\n\",\"title_pt_br\":\"\n\n<h2 class=\\\"uk-text-primary\\\">Regi\u00e3o <span class=\\\"uk-text-highlight uk-text-highlight--violeta\\\">Norte<\/span><\/h2>\n\n\\n\n\n<p>Mergulhar em desfiladeiros de clima subtropical at\u00edpico, visitar o vilarejo onde nasceu Carlos Gardel ou fazer compras em modernos freeshops s\u00e3o algumas das alternativas oferecidas por essa regi\u00e3o.<\/p>\n\n\"}},{\"type\":\"text\",\"props\":{\"column_breakpoint\":\"m\",\"content\":\"\n\n<p class=\\\"explain-p\\\">Haz hover o click en una regi\u00f3n para explorar sus destinos.<\/p>\n\n\",\"content_en_us\":\"\n\n<p class=\\\"explain-p\\\">Hover or click on a region to explore its destinations.<\/p>\n\n\",\"content_pt_br\":\"\n\n<p class=\\\"explain-p\\\">Passe o mouse ou clique em uma regi\u00e3o para explorar seus destinos.<\/p>\n\n\",\"css\":\".explain-p{    \\n    background-color: rgba(0, 0, 0, .3);\\n    display: inline-flex;\\n    padding: 10px 20px;\\n    border-radius: 30px;\\n    line-height: 10px;\\n\\tcolor:white;\\n    font-size:14px;\\n}\",\"margin_bottom\":\"default\",\"margin_top\":\"default\",\"position\":\"relative\",\"position_right\":\"20\",\"text_align\":\"right\",\"visibility\":\"l\"},\"name\":\"DESTINOS - Explain del mapa\"}]}]}]},{\"type\":\"section\",\"props\":{\"image_position\":\"center-center\",\"style\":\"default\",\"title_breakpoint\":\"xl\",\"title_position\":\"top-left\",\"title_rotation\":\"left\",\"vertical_align\":\"\",\"width\":\"default\"},\"children\":[{\"type\":\"row\",\"children\":[{\"type\":\"column\",\"props\":{\"image_position\":\"center-center\",\"position_sticky_breakpoint\":\"m\"},\"children\":[{\"type\":\"headline\",\"props\":{\"content\":\"\n\n<h2 class=\\\"uk-text-primary uk-margin-remove\\\"> Un corte y <span class=\\\"uk-text-highlight uk-text-highlight--turquesa\\\">una quebrada<\/span><\/h2>\n\n\",\"content_en_us\":\"\n\n<h2 class=\\\"uk-text-primary uk-margin-remove\\\">A cut <span class=\\\"uk-text-highlight uk-text-highlight--verde\\\">and a crack<\/span><\/h2>\n\n\",\"content_pt_br\":\"\n\n<h2 class=\\\"uk-text-primary uk-margin-remove\\\">Um corte e <span class=\\\"uk-text-highlight uk-text-highlight--verde\\\">uma pausa<\/span><\/h2>\n\n\",\"image_align\":\"left\",\"image_margin\":\"xsmall\",\"title_element\":\"h1\"},\"name\":\"DESTINOS - Header listado de 6 destinos\"},{\"name\":\"DESTINOS - Listado de 6 destinos\",\"type\":\"gallery\",\"children\":[{\"type\":\"gallery_item\",\"props\":{\"text_color_hover\":false},\"source\":{\"query\":{\"name\":\"placess.customPlacess\",\"arguments\":{\"terms\":[92,81,102,107],\"place_categories_operator\":\"IN\",\"users\":[],\"users_operator\":\"IN\",\"offset\":0,\"limit\":6,\"order\":\"field:orden_de_destaque\",\"order_direction\":\"DESC\",\"date_range\":\"relative\",\"date_relative\":\"next\",\"date_relative_unit\":\"day\",\"date_relative_unit_this\":\"day\"}},\"props\":{\"image\":{\"filters\":{\"search\":\"\"},\"name\":\"field.primary_image\"},\"image_alt\":{\"filters\":{\"search\":\"\"},\"name\":\"title\"},\"title\":{\"filters\":{\"search\":\"\"},\"name\":\"title\"},\"link\":{\"filters\":{\"search\":\"\"},\"name\":\"link\"}}}}],\"props\":{\"animation\":\"slide-bottom-small\",\"class\":\"img-parse\",\"css\":\".el-item > * > * {\\n\\tborder-radius: 30px;\\n}\",\"filter\":false,\"filter_align\":\"center\",\"filter_all\":true,\"filter_grid_breakpoint\":\"m\",\"filter_grid_width\":\"auto\",\"filter_margin\":\"large\",\"filter_position\":\"left\",\"filter_style\":\"subnav-pill\",\"grid_default\":\"1\",\"grid_masonry\":\"next\",\"grid_medium\":\"2\",\"grid_parallax\":\"400\",\"grid_small\":\"2\",\"image_border\":\"rounded\",\"image_box_shadow\":\"medium\",\"image_hover_box_shadow\":\"small\",\"image_min_height\":\"300\",\"image_orientation\":false,\"image_transition\":\"scale-up\",\"image_transition_border\":false,\"image_width\":\"100%\",\"item_animation\":true,\"item_maxwidth\":\"2xlarge\",\"lightbox_bg_close\":true,\"link_style\":\"\",\"link_text\":\"\",\"margin_bottom\":\"remove\",\"margin_top\":\"default\",\"meta_align\":\"above-title\",\"meta_element\":\"div\",\"meta_margin\":\"remove\",\"meta_style\":\"text-small\",\"meta_transition\":\"slide-bottom\",\"overlay_hover\":false,\"overlay_link\":true,\"overlay_mode\":\"caption\",\"overlay_padding\":\"small\",\"overlay_position\":\"bottom\",\"overlay_style\":\"overlay-primary\",\"overlay_transition\":\"slide-bottom-small\",\"parallax_easing\":\"1\",\"show_content\":true,\"show_hover_image\":true,\"show_hover_video\":true,\"show_link\":true,\"show_meta\":true,\"show_title\":true,\"text_align\":\"\",\"text_color\":\"\",\"title_element\":\"div\",\"title_font_family\":\"default\",\"title_hover_style\":\"reset\",\"title_margin\":\"remove\",\"title_style\":\"text-large\"}}]}]}]},{\"type\":\"section\",\"props\":{\"css\":\".el-content.uk-button.uk-button-primary {\\n\\tdisplay: none;\\n}\\n\\n.uk-text-highlight.uk-text-highlight--naranja {\\n    display:none;\\n}\\n\\n.uk-pagination li:not(:first-child):not(:last-child) a {\\n    font-size:0;\\n    text-indent: -9999px;\\n    width:40px;\\n    height:40px;\\n    border-radius: 50%;\\n    transform: scale(.5);\\n}\\n\\n.uk-pagination li:not(:first-child):not(:last-child):not(.uk-active) a {\\n\\t    border: 1px solid rgba(0, 47, 108, .4);\\n        background: rgba(0, 47, 108, .2);\\n}\\n\\n.uk-pagination>* {\\n\\tpadding:0;\\n}\\n\\n.uk-pagination li:first-child {\\n    font-size:0;\\n    text-indent: -9999px;\\n    position:relative;\\n}\\n\\n.uk-pagination li:first-child:after {\\n    position: absolute;\\n    content: \\\"<\\\";\\n    width: 40px;\\n    height: 40px;\\n    color: rgba(0, 47, 108, 1);\\n    right: -1px;\\n    top: -2px;\\n    font-size: 30px;\\n    text-indent: 10px;\\n    line-height: 40px;\\n    border: 2px solid rgba(0, 47, 108, 1);\\n    border-radius: 50%;\\n    transform: scale(.5);\\n    pointer-events:none;\\n}\\n\\n.uk-pagination li:last-child {\\n    font-size:0;\\n    text-indent: -9999px;\\n    position:relative;\\n}\\n\\n.uk-pagination li:last-child a:hover,\\n.uk-pagination li:first-child a:hover{\\n\\tbackground-color:transparent;\\n}\\n\\n.uk-pagination li:last-child:after {\\n    position: absolute;\\n    content: \\\">\\\";\\n    width: 40px;\\n    height: 40px;\\n    color: rgba(0, 47, 108, 1);\\n    right: -1px;\\n    top: -2px;\\n    font-size: 30px;\\n    text-indent: 12px;\\n    line-height: 40px;\\n    border: 2px solid rgba(0, 47, 108, 1);\\n    border-radius: 50%;\\n    transform: scale(.5);\\n    pointer-events:none;\\n}\",\"image_position\":\"center-center\",\"style\":\"default\",\"title_breakpoint\":\"xl\",\"title_position\":\"top-left\",\"title_rotation\":\"left\",\"vertical_align\":\"\",\"width\":\"default\"},\"children\":[{\"type\":\"row\",\"children\":[{\"type\":\"column\",\"props\":{\"image_position\":\"center-center\",\"position_sticky_breakpoint\":\"m\"},\"children\":[{\"type\":\"headline\",\"props\":{\"content\":\"\n\n<h2 class=\\\"uk-text-primary uk-margin-remove\\\"> Experiencias <span class=\\\"uk-text-highlight uk-text-highlight--violeta\\\">cercanas<\/span><\/h2>\n\n\",\"content_en_us\":\"\n\n<h2 class=\\\"uk-text-primary uk-margin-remove\\\"> Nearby <span class=\\\"uk-text-highlight uk-text-highlight--violeta\\\">experiences<\/span><\/h2>\n\n\",\"content_pt_br\":\"\n\n<h2 class=\\\"uk-text-primary uk-margin-remove\\\"> Experi\u00eancias <span class=\\\"uk-text-highlight uk-text-highlight--violeta\\\">pr\u00f3ximas<\/span><\/h2>\n\n\",\"image_align\":\"left\",\"image_margin\":\"xsmall\",\"title_element\":\"h1\"},\"name\":\"DESTINOS - Header slider de experiencias\"},{\"type\":\"experiences-list\",\"props\":{\"department\":\"Norte\",\"label_next\":\"Siguiente\",\"label_next_en_us\":\"Next\",\"label_next_pt_br\":\"Pr\u00f3ximo\",\"label_prev\":\"Anterior\",\"label_prev_en_us\":\"Previous\",\"label_prev_pt_br\":\"Anterior\",\"more_label\":\"Ver Todo\",\"more_label_en_us\":\"View all\",\"more_label_pt_br\":\"Ver tudo\",\"per_page\":3,\"template\":\"Fila\",\"title\":\"\n\n<h1 class=\\\"uk-text-primary uk-margin-remove uk-first-column\\\" style=\\\"transform: translateY(0px);\\\"><span class=\\\"uk-text-highlight uk-text-highlight--naranja\\\">Experiencias<\/span><\/h1>\n\n\",\"title_en_us\":\"\n\n<h1 class=\\\"uk-text-primary uk-margin-remove uk-first-column\\\" style=\\\"transform: translateY(0px);\\\"><span class=\\\"uk-text-highlight uk-text-highlight--naranja\\\">Experiences<\/span><\/h1>\n\n\",\"title_pt_br\":\"\n\n<h1 class=\\\"uk-text-primary uk-margin-remove uk-first-column\\\" style=\\\"transform: translateY(0px);\\\"><span class=\\\"uk-text-highlight uk-text-highlight--naranja\\\">Experi\u00eancias<\/span><\/h1>\n\n\"}}]}],\"props\":{\"css\":\".uk-card--conoce__bg-texto h3 {margin-bottom:0;}\\n\\n.description { display:none;}\"}}]}],\"version\":\"5.0.22\"} --><\/p>\n","protected":false},"excerpt":{"rendered":"<p>Haz hover o click en una regi\u00f3n para explorar sus destinos. Un corte y una quebrada Experiencias cercanas<\/p>\n","protected":false},"author":1,"featured_media":0,"parent":0,"menu_order":0,"comment_status":"closed","ping_status":"closed","template":"","meta":{"_acf_changed":false,"footnotes":""},"class_list":["post-379","page","type-page","status-publish","hentry"],"acf":[],"_links":{"self":[{"href":"https:\/\/uruguaynatural.com\/es\/wp-json\/wp\/v2\/pages\/379","targetHints":{"allow":["GET"]}}],"collection":[{"href":"https:\/\/uruguaynatural.com\/es\/wp-json\/wp\/v2\/pages"}],"about":[{"href":"https:\/\/uruguaynatural.com\/es\/wp-json\/wp\/v2\/types\/page"}],"author":[{"embeddable":true,"href":"https:\/\/uruguaynatural.com\/es\/wp-json\/wp\/v2\/users\/1"}],"replies":[{"embeddable":true,"href":"https:\/\/uruguaynatural.com\/es\/wp-json\/wp\/v2\/comments?post=379"}],"version-history":[{"count":18,"href":"https:\/\/uruguaynatural.com\/es\/wp-json\/wp\/v2\/pages\/379\/revisions"}],"predecessor-version":[{"id":8138,"href":"https:\/\/uruguaynatural.com\/es\/wp-json\/wp\/v2\/pages\/379\/revisions\/8138"}],"wp:attachment":[{"href":"https:\/\/uruguaynatural.com\/es\/wp-json\/wp\/v2\/media?parent=379"}],"curies":[{"name":"wp","href":"https:\/\/api.w.org\/{rel}","templated":true}]}}