{"id":701,"date":"2023-02-16T13:37:21","date_gmt":"2023-02-16T13:37:21","guid":{"rendered":"https:\/\/mintur.globaluy.com\/?page_id=701"},"modified":"2023-09-08T14:42:40","modified_gmt":"2023-09-08T17:42:40","slug":"musica","status":"publish","type":"page","link":"https:\/\/uruguaynatural.com\/en\/farmoretanacountry\/musica\/","title":{"rendered":"Music"},"content":{"rendered":"<h2>M\u00fasica<\/h2>\n<div>\n<p><span>Tierra de candombe, de murga, de tango; Uruguay es sin\u00f3nimo de fusi\u00f3n musical y cuna de cientos de m\u00fasicos de prestigio internacional.<\/span><\/p>\n<p>La creaci\u00f3n musical tiene una largu\u00edsima historia que, para el caso del candombe, puede rastrearse hasta el siglo<br \/>XVIII,\u00a0 aunque como se se\u00f1ala en el Primer Cat\u00e1logo de M\u00fasica Uruguaya, el historiador y music\u00f3logo Lauro Ayestar\u00e1n supo rastrear tambi\u00e9n los or\u00edgenes ind\u00edgenas de la producci\u00f3n musical uruguaya.<\/p>\n<p>La historia del pa\u00eds en general y su cultura musical en particular est\u00e1n signadas por la inmigraci\u00f3n europea que<br \/>entre la segunda mitad del siglo XIX\u00a0 y la d\u00e9cada del cincuenta del siglo XX\u00a0 lleg\u00f3 en sucesivas oleadas. La mayor\u00eda de los inmigrantes eran espa\u00f1oles (gallegos,<br \/>vascos, catalanes y canarios), seguidos de cerca por italianos y un importante n\u00famero de franceses, alemanes, armenios, portugueses, brit\u00e1nicos, suizos, rusos y polacos, entre otros. Este crisol de culturas se reflej\u00f3 en la m\u00fasica y a partir de esas influencias se desarrollaron estilos propios de estas tierras, como el candombe, el tango, la milonga, la murga y diversidad de fusiones musicales que se producen, se escuchan y hacen a la riqueza de la<br \/>oferta musical uruguaya. Los invitamos a descargar el <a href=\"http:\/\/cultura.mec.gub.uy\/innovaportal\/file\/66043\/1\/musica_de_uruguay_vol._2.pdf\" title=\"\">Cat\u00e1logo M\u00fasica de Uruguay Vol. 2,<\/a> en donde se detalla la obra de 140 artistas nacionales contempor\u00e1neos de relevancia en actividad, divididos en varios g\u00e9neros: candombe; cl\u00e1sica\/contempor\u00e1nea; electr\u00f3nica\/hip hop; infantil; jazz fusi\u00f3n; popular\/canci\u00f3n de autor; popular\/murga y murga Canci\u00f3n; ra\u00edz folkl\u00f3rica;\u00a0 rock\/pop, tango y tropical uruguaya.<\/p>\n<\/div>\n<h3>Links de inter\u00e9s<\/h3>\n<hr>\n<p>\n    <a href=\"https:\/\/www.sudei.org.uy\/\">SUDEI<\/a>\n<\/p>\n<p>\n    <a href=\"https:\/\/orquestafilarmonica.montevideo.gub.uy\/\">Orquesta FIlarm\u00f3nica<\/a>\n<\/p>\n<p>\n    <a href=\"https:\/\/bandasinfonica.montevideo.gub.uy\/\">Banda Sinf\u00f3nica<\/a>\n<\/p>\n<p><!--more--><br \/>\n<!-- {\"type\":\"layout\",\"children\":[{\"type\":\"section\",\"props\":{\"header_transparent\":\"light\",\"image\":\"\\\/wp-content\\\/uploads\\\/2023\\\/02\\\/Noche-final-770x367-1.jpeg\",\"image_position\":\"center-center\",\"image_size\":\"cover\",\"padding\":\"xlarge\",\"style\":\"default\",\"title_breakpoint\":\"xl\",\"title_position\":\"top-left\",\"title_rotation\":\"left\",\"vertical_align\":\"middle\",\"width\":\"default\"},\"children\":[{\"type\":\"row\",\"children\":[{\"type\":\"column\",\"props\":{\"image_position\":\"center-center\",\"media_overlay_gradient\":\"\",\"position_sticky_breakpoint\":\"m\"},\"children\":[]}]}]},{\"type\":\"section\",\"props\":{\"image_position\":\"center-center\",\"padding\":\"small\",\"padding_remove_bottom\":false,\"style\":\"default\",\"title_breakpoint\":\"xl\",\"title_position\":\"top-left\",\"title_rotation\":\"left\",\"vertical_align\":\"middle\",\"width\":\"default\"},\"children\":[{\"type\":\"row\",\"children\":[{\"type\":\"column\",\"props\":{\"image_position\":\"center-center\",\"media_overlay_gradient\":\"\",\"position_sticky_breakpoint\":\"m\"},\"children\":[{\"name\":\"Breadcrumbs Home Link Current Page\",\"type\":\"breadcrumbs\",\"children\":null,\"props\":{\"margin\":\"default\",\"show_current\":true,\"show_home\":false}}]}]}]},{\"type\":\"section\",\"props\":{\"image_position\":\"center-center\",\"padding_remove_top\":true,\"style\":\"default\",\"title_breakpoint\":\"xl\",\"title_position\":\"top-left\",\"title_rotation\":\"left\",\"vertical_align\":\"middle\",\"width\":\"default\"},\"children\":[{\"type\":\"row\",\"children\":[{\"type\":\"column\",\"props\":{\"image_position\":\"center-center\",\"media_overlay_gradient\":\"\",\"position_sticky_breakpoint\":\"m\"},\"children\":[{\"type\":\"headline\",\"props\":{\"content\":\"M\\u00fasica\",\"content_en_us\":\"Music\",\"content_pt_br\":\"Music\",\"title_color\":\"primary\",\"title_element\":\"h2\"}},{\"type\":\"text\",\"props\":{\"column_breakpoint\":\"m\",\"content\":\"\n\n<p><span>Tierra de candombe, de murga, de tango; Uruguay es sin\\u00f3nimo de fusi\\u00f3n musical y cuna de cientos de m\\u00fasicos de prestigio internacional.<\\\/span><\\\/p>\\n\n\n<p><br \\\/>La creaci\\u00f3n musical tiene una largu\\u00edsima historia que, para el caso del candombe, puede rastrearse hasta el siglo<br \\\/>XVIII,\\u00a0 aunque como se se\\u00f1ala en el Primer Cat\\u00e1logo de M\\u00fasica Uruguaya, el historiador y music\\u00f3logo Lauro Ayestar\\u00e1n supo rastrear tambi\\u00e9n los or\\u00edgenes ind\\u00edgenas de la producci\\u00f3n musical uruguaya.<\\\/p>\\n\n\n<p>La historia del pa\\u00eds en general y su cultura musical en particular est\\u00e1n signadas por la inmigraci\\u00f3n europea que<br \\\/>entre la segunda mitad del siglo XIX\\u00a0 y la d\\u00e9cada del cincuenta del siglo XX\\u00a0 lleg\\u00f3 en sucesivas oleadas. La mayor\\u00eda de los inmigrantes eran espa\\u00f1oles (gallegos,<br \\\/>vascos, catalanes y canarios), seguidos de cerca por italianos y un importante n\\u00famero de franceses, alemanes, armenios, portugueses, brit\\u00e1nicos, suizos, rusos y polacos, entre otros. Este crisol de culturas se reflej\\u00f3 en la m\\u00fasica y a partir de esas influencias se desarrollaron estilos propios de estas tierras, como el candombe, el tango, la milonga, la murga y diversidad de fusiones musicales que se producen, se escuchan y hacen a la riqueza de la<br \\\/>oferta musical uruguaya. Los invitamos a descargar el <a href=\\\"http:\\\/\\\/cultura.mec.gub.uy\\\/innovaportal\\\/file\\\/66043\\\/1\\\/musica_de_uruguay_vol._2.pdf\\\" title=\\\"\\\">Cat\\u00e1logo M\\u00fasica de Uruguay Vol. 2,<\\\/a> en donde se detalla la obra de 140 artistas nacionales contempor\\u00e1neos de relevancia en actividad, divididos en varios g\\u00e9neros: candombe; cl\\u00e1sica\\\/contempor\\u00e1nea; electr\\u00f3nica\\\/hip hop; infantil; jazz fusi\\u00f3n; popular\\\/canci\\u00f3n de autor; popular\\\/murga y murga Canci\\u00f3n; ra\\u00edz folkl\\u00f3rica;\\u00a0 rock\\\/pop, tango y tropical uruguaya.<\\\/p>\",\"content_en_us\":\"\n\n<p>Land of candombe, murga, tango; Uruguay is synonymous with musical fusion and the birthplace of hundreds of internationally renowned musicians.<\\\/p>\\n\n\n<p><br \\\/>The musical creation has a very long history that, in the case of candombe, can be traced back to the 18th century, although, as it is pointed out in the First Catalogue of Uruguayan Music<br \\\/>XVIIIth century, although as it is pointed out in the First Catalogue of Uruguayan Music, the historian and musicologist Lauro Ayestar\\u00e1n also knew how to trace the indigenous origins of the Uruguayan musical production.<\\\/p>\\n\n\n<p>The country's history in general and its musical culture in particular are marked by the European immigration that<br \\\/>between the second half of the nineteenth century and the fifties of the twentieth century arrived in successive waves. Most of the immigrants were Spaniards (Galicians, Basques, Catalans and Canarians),<br \\\/>Basques, Catalans and Canarians), followed closely by Italians and a significant number of French, Germans, Armenians, Portuguese, British, Swiss, Russians and Poles, among others. This melting pot of cultures was reflected in the music and from these influences developed styles typical of these lands, such as candombe, tango, milonga, murga and a diversity of musical fusions that are produced, listened to and make up the richness of the Uruguayan musical offer.<br \\\/>Uruguayan musical offer. We invite you to download the Music of Uruguay Vol. 2 Catalog, which details the work of 140 contemporary national artists of relevance in activity, divided into several genres: candombe; classical\\\/contemporary; electronic\\\/hip hop; children's; jazz fusion; popular\\\/songwriter's song; popular\\\/murga and murga song; folkloric roots; rock\\\/pop, tango and Uruguayan tropical.<\\\/p>\",\"content_pt_br\":\"\n\n<p>Terra do candombe, da murga e do tango, o Uruguai \\u00e9 sin\\u00f4nimo de fus\\u00e3o musical e ber\\u00e7o de centenas de m\\u00fasicos de renome internacional.<\\\/p>\\n\n\n<p><br \\\/>A cria\\u00e7\\u00e3o musical tem uma hist\\u00f3ria muito longa que, no caso do candombe, pode ser rastreada at\\u00e9 o s\\u00e9culo XVIII.<br \\\/>O historiador e music\\u00f3logo Lauro Ayestar\\u00e1n tamb\\u00e9m foi capaz de tra\\u00e7ar as origens ind\\u00edgenas da produ\\u00e7\\u00e3o musical uruguaia, conforme registrado no Primer Cat\\u00e1logo de M\\u00fasica Uruguaya (Primeiro Cat\\u00e1logo de M\\u00fasica Uruguaia).<\\\/p>\\n\n\n<p>A hist\\u00f3ria do pa\\u00eds em geral e sua cultura musical em particular s\\u00e3o marcadas pela imigra\\u00e7\\u00e3o europ\\u00e9ia que<br \\\/>entre a segunda metade do s\\u00e9culo XIX e a d\\u00e9cada de 1950, chegou em ondas sucessivas. A maioria dos imigrantes era espanhola (galegos, bascos, catal\\u00e3es e can\\u00e1rios),<br \\\/>Bascos, catal\\u00e3es e can\\u00e1rios), seguidos de perto por italianos e um n\\u00famero significativo de franceses, alem\\u00e3es, arm\\u00eanios, portugueses, brit\\u00e2nicos, su\\u00ed\\u00e7os, russos e poloneses, entre outros. Esse caldeir\\u00e3o de culturas se refletiu na m\\u00fasica e, a partir dessas influ\\u00eancias, foram desenvolvidos estilos t\\u00edpicos dessas terras, como o candombe, o tango, a milonga, a murga e uma diversidade de fus\\u00f5es musicais que s\\u00e3o produzidas, ouvidas e comp\\u00f5em a riqueza da oferta musical do Uruguai.<br \\\/>Oferta musical uruguaia. Convidamos voc\\u00ea a baixar o Cat\\u00e1logo M\\u00fasica de Uruguay Vol. 2, que detalha o trabalho de 140 artistas nacionais contempor\\u00e2neos de relev\\u00e2ncia em atividade, divididos em v\\u00e1rios g\\u00eaneros: candombe; cl\\u00e1ssico\\\/contempor\\u00e2neo; eletr\\u00f4nico\\\/hip hop; infantil; jazz fusion; popular\\\/can\\u00e7\\u00e3o de compositor; popular\\\/murga e can\\u00e7\\u00e3o de murga; ra\\u00edzes folcl\\u00f3ricas; rock\\\/pop, tango e tropical uruguaio.<\\\/p>\",\"margin\":\"default\"}}]}]},{\"type\":\"row\",\"children\":[{\"type\":\"column\",\"props\":{\"image_position\":\"center-center\",\"media_overlay_gradient\":\"\",\"position_sticky_breakpoint\":\"m\"},\"children\":[{\"type\":\"headline\",\"props\":{\"content\":\"Links de inter\\u00e9s\",\"content_en_us\":\"Interesting links\",\"content_pt_br\":\"Links de interesse\",\"margin\":\"remove-vertical\",\"title_color\":\"primary\",\"title_element\":\"h3\"}},{\"type\":\"divider\",\"props\":{\"divider_element\":\"hr\",\"margin\":\"remove-vertical\"}},{\"name\":\"Button Icon Left\",\"type\":\"button\",\"children\":[{\"type\":\"button_item\",\"props\":{\"button_style\":\"text\",\"content\":\"SUDEI\",\"icon\":\"link\",\"icon_align\":\"left\",\"link\":\"https:\\\/\\\/www.sudei.org.uy\\\/\"}}],\"props\":{\"block_align\":\"center\",\"grid_column_gap\":\"medium\",\"grid_row_gap\":\"medium\",\"margin\":\"default\",\"margin_remove_top\":false}},{\"name\":\"Button Icon Left\",\"type\":\"button\",\"children\":[{\"type\":\"button_item\",\"props\":{\"button_style\":\"text\",\"content\":\"Orquesta FIlarm\\u00f3nica\",\"content_en_us\":\"Filarmonic Orchestra\",\"content_pt_br\":\"Orquestra Filarm\\u00f4nica\",\"icon\":\"link\",\"icon_align\":\"left\",\"link\":\"https:\\\/\\\/orquestafilarmonica.montevideo.gub.uy\\\/\"}}],\"props\":{\"block_align\":\"center\",\"grid_column_gap\":\"medium\",\"grid_row_gap\":\"medium\",\"margin\":\"default\",\"margin_remove_top\":false}},{\"name\":\"Button Icon Left\",\"type\":\"button\",\"children\":[{\"type\":\"button_item\",\"props\":{\"button_style\":\"text\",\"content\":\"Banda Sinf\\u00f3nica\",\"content_en_us\":\"Symphonic Band\",\"content_pt_br\":\"Banda sinf\\u00f4nica\",\"icon\":\"link\",\"icon_align\":\"left\",\"link\":\"https:\\\/\\\/bandasinfonica.montevideo.gub.uy\\\/\"}}],\"props\":{\"block_align\":\"center\",\"grid_column_gap\":\"medium\",\"grid_row_gap\":\"medium\",\"margin\":\"default\",\"margin_remove_top\":false}}]}]}]}],\"version\":\"3.0.18\"} --><\/p>\n","protected":false},"excerpt":{"rendered":"<p>M\u00fasica Tierra de candombe, de murga, de tango; Uruguay es sin\u00f3nimo de fusi\u00f3n musical y cuna de cientos de m\u00fasicos de prestigio internacional. La creaci\u00f3n musical tiene una largu\u00edsima historia que, para el caso del candombe, puede rastrearse hasta el sigloXVIII,\u00a0 aunque como se se\u00f1ala en el Primer Cat\u00e1logo de M\u00fasica Uruguaya, el historiador y [&hellip;]<\/p>\n","protected":false},"author":1,"featured_media":0,"parent":556,"menu_order":0,"comment_status":"closed","ping_status":"closed","template":"","meta":{"_acf_changed":false,"footnotes":""},"class_list":["post-701","page","type-page","status-publish","hentry"],"acf":[],"_links":{"self":[{"href":"https:\/\/uruguaynatural.com\/en\/wp-json\/wp\/v2\/pages\/701","targetHints":{"allow":["GET"]}}],"collection":[{"href":"https:\/\/uruguaynatural.com\/en\/wp-json\/wp\/v2\/pages"}],"about":[{"href":"https:\/\/uruguaynatural.com\/en\/wp-json\/wp\/v2\/types\/page"}],"author":[{"embeddable":true,"href":"https:\/\/uruguaynatural.com\/en\/wp-json\/wp\/v2\/users\/1"}],"replies":[{"embeddable":true,"href":"https:\/\/uruguaynatural.com\/en\/wp-json\/wp\/v2\/comments?post=701"}],"version-history":[{"count":2,"href":"https:\/\/uruguaynatural.com\/en\/wp-json\/wp\/v2\/pages\/701\/revisions"}],"predecessor-version":[{"id":3388,"href":"https:\/\/uruguaynatural.com\/en\/wp-json\/wp\/v2\/pages\/701\/revisions\/3388"}],"up":[{"embeddable":true,"href":"https:\/\/uruguaynatural.com\/en\/wp-json\/wp\/v2\/pages\/556"}],"wp:attachment":[{"href":"https:\/\/uruguaynatural.com\/en\/wp-json\/wp\/v2\/media?parent=701"}],"curies":[{"name":"wp","href":"https:\/\/api.w.org\/{rel}","templated":true}]}}