{"id":690,"date":"2023-02-16T13:10:27","date_gmt":"2023-02-16T13:10:27","guid":{"rendered":"https:\/\/mintur.globaluy.com\/?page_id=690"},"modified":"2023-09-08T14:39:46","modified_gmt":"2023-09-08T17:39:46","slug":"teatro","status":"publish","type":"page","link":"https:\/\/uruguaynatural.com\/en\/farmoretanacountry\/teatro\/","title":{"rendered":"Theater"},"content":{"rendered":"<h2>Teatro<\/h2>\n<div>\n<p>El teatro uruguayo es uno de los m\u00e1s importantes en Latinoam\u00e9rica. Con m\u00e1s de 70 salas operativas, la cartelera es llamativamente extensa y variada con espect\u00e1culos cl\u00e1sicos y modernos para los gustos m\u00e1s diversos.<\/p>\n<p>El Teatro Sol\u00eds, inaugurado en 1856, modernizado desde 1998 y reinaugurado en 2005, es uno de los edificios emblem\u00e1ticos de la ciudad de Montevideo y, particularmente, de la Ciudad Vieja. En cuanto a la actividad estrictamente teatral es el escenario de las representaciones m\u00e1s multitudinarias de la Comedia Nacional, dependiente de la Intendencia Departamental de Montevideo.<br \/>La creaci\u00f3n de la Comedia fue un paso adelante en la profesionalizaci\u00f3n del teatro uruguayo al tiempo que se busc\u00f3 crear un espacio de la programaci\u00f3n a los autores nacionales. <br \/>La Comedia Nacional present\u00f3 su primer espect\u00e1culo el 2 de octubre de 1947, \u201cEl le\u00f3n ciego\u201d del uruguayo Ernesto Herrera. En 1949, la relevante actriz catalana Margarita Xirgu fue designada directora art\u00edstica y de la Escuela Municipal de Arte Dram\u00e1tico. La direcci\u00f3n de Xirgu impuso una manera muy particular de expresar el teatro cl\u00e1sico.<br \/>M\u00e1s all\u00e1 del prestigio de la Comedia Nacional, el teatro uruguayo, ha sido nutrido durante el siglo XX por un teatro independiente vigoroso y fermental que contin\u00faa siendo polea cultural, creativa y social de los intereses uruguayos y universales.<br \/>La Federaci\u00f3n Uruguaya de Teatros Independientes (FUTI), es una entidad que agrupa una veintena de conjuntos teatrales montevideanos caracterizados por su compromiso con la actividad art\u00edstica y los problemas sociales de los habitantes del pa\u00eds. Entre las instituciones con mayor trayectoria hacemos referencia a: Teatro Italia Fausta (Complejo Cultural del Teatro Anglo), Teatro La Gaviota (Teatro Stella, Mercedes y Trist\u00e1n Narvaja), Instituci\u00f3n Teatral El Galp\u00f3n (18 de Julio 1618), Teatro La Candela (entrada del Punta Carretas Shopping), Espacio Teatro (Mercedes 865), Teatro Victoria (R\u00edo Negro 1479).<br \/>La Asociaci\u00f3n de Teatros del Interior (ATI) concentra los principales conjuntos del interior del pa\u00eds.<\/p>\n<\/div>\n<ul>\n<li>\n<p>        <img decoding=\"async\" src=\"\/wp-content\/uploads\/2023\/04\/LEO4245.jpg\" alt=\"\"><\/p>\n<h3>Platea Teatro Sol\u00eds<\/h3>\n<\/li>\n<li>\n<p>        <img decoding=\"async\" src=\"\/wp-content\/uploads\/2023\/04\/LEO4243.jpg\" alt=\"\"><\/p>\n<h3>Escenario Sol\u00eds<\/h3>\n<\/li>\n<li>\n<p>        <img decoding=\"async\" src=\"\/wp-content\/uploads\/2023\/04\/LEO0247-2.jpg\" alt=\"\"><\/p>\n<h3>Fachada Sol\u00eds<\/h3>\n<\/li>\n<li>\n<p>        <img decoding=\"async\" src=\"\/wp-content\/uploads\/2023\/04\/LEO4246-2.jpg\" alt=\"\"><\/p>\n<h3>Luminaria Sol\u00eds<\/h3>\n<\/li>\n<\/ul>\n<h3>Links de inter\u00e9s<\/h3>\n<hr>\n<p>\n    <a href=\"\/www.teatrosolis.org.uy\">Teatro Sol\u00eds<\/a>\n<\/p>\n<p>\n    <a href=\"\/www.auditorio.com.uy\">El Sodre<\/a>\n<\/p>\n<p>\n    <a href=\"http:\/\/futiweb.blogspot.com\/\">Federaci\u00f3n Uruguaya de Teatros Independientes<\/a>\n<\/p>\n<p>\n    <a href=\"https:\/\/sua.org.uy\/\">Sociedad Uruguaya de Actores<\/a>\n<\/p>\n<p><!--more--><br \/>\n<!-- {\"type\":\"layout\",\"children\":[{\"type\":\"section\",\"props\":{\"header_transparent\":\"light\",\"image\":\"\\\/wp-content\\\/uploads\\\/2023\\\/04\\\/LEO4246-2.jpg\",\"image_position\":\"bottom-center\",\"image_size\":\"cover\",\"padding\":\"xlarge\",\"style\":\"default\",\"title_breakpoint\":\"xl\",\"title_position\":\"top-left\",\"title_rotation\":\"left\",\"vertical_align\":\"middle\",\"width\":\"default\"},\"children\":[{\"type\":\"row\",\"children\":[{\"type\":\"column\",\"props\":{\"image_position\":\"center-center\",\"media_overlay_gradient\":\"\",\"position_sticky_breakpoint\":\"m\"},\"children\":[]}]}]},{\"type\":\"section\",\"props\":{\"image_position\":\"center-center\",\"padding\":\"small\",\"padding_remove_bottom\":false,\"style\":\"default\",\"title_breakpoint\":\"xl\",\"title_position\":\"top-left\",\"title_rotation\":\"left\",\"vertical_align\":\"middle\",\"width\":\"default\"},\"children\":[{\"type\":\"row\",\"children\":[{\"type\":\"column\",\"props\":{\"image_position\":\"center-center\",\"media_overlay_gradient\":\"\",\"position_sticky_breakpoint\":\"m\"},\"children\":[{\"name\":\"Breadcrumbs Home Link Current Page\",\"type\":\"breadcrumbs\",\"children\":null,\"props\":{\"margin\":\"default\",\"show_current\":true,\"show_home\":false}}]}]}]},{\"type\":\"section\",\"props\":{\"image_position\":\"center-center\",\"padding_remove_top\":true,\"style\":\"default\",\"title_breakpoint\":\"xl\",\"title_position\":\"top-left\",\"title_rotation\":\"left\",\"vertical_align\":\"middle\",\"width\":\"default\"},\"children\":[{\"type\":\"row\",\"children\":[{\"type\":\"column\",\"props\":{\"image_position\":\"center-center\",\"media_overlay_gradient\":\"\",\"position_sticky_breakpoint\":\"m\"},\"children\":[{\"type\":\"headline\",\"props\":{\"content\":\"Teatro\",\"content_en_us\":\"Theater\",\"content_pt_br\":\"Teatro\",\"title_color\":\"primary\",\"title_element\":\"h2\"}},{\"type\":\"text\",\"props\":{\"column_breakpoint\":\"m\",\"content\":\"\n\n<p>El teatro uruguayo es uno de los m\\u00e1s importantes en Latinoam\\u00e9rica. Con m\\u00e1s de 70 salas operativas, la cartelera es llamativamente extensa y variada con espect\\u00e1culos cl\\u00e1sicos y modernos para los gustos m\\u00e1s diversos.<\\\/p>\\n\n\n<p>El Teatro Sol\\u00eds, inaugurado en 1856, modernizado desde 1998 y reinaugurado en 2005, es uno de los edificios emblem\\u00e1ticos de la ciudad de Montevideo y, particularmente, de la Ciudad Vieja. En cuanto a la actividad estrictamente teatral es el escenario de las representaciones m\\u00e1s multitudinarias de la Comedia Nacional, dependiente de la Intendencia Departamental de Montevideo.<br \\\/>La creaci\\u00f3n de la Comedia fue un paso adelante en la profesionalizaci\\u00f3n del teatro uruguayo al tiempo que se busc\\u00f3 crear un espacio de la programaci\\u00f3n a los autores nacionales. <br \\\/>La Comedia Nacional present\\u00f3 su primer espect\\u00e1culo el 2 de octubre de 1947, \\u201cEl le\\u00f3n ciego\\u201d del uruguayo Ernesto Herrera. En 1949, la relevante actriz catalana Margarita Xirgu fue designada directora art\\u00edstica y de la Escuela Municipal de Arte Dram\\u00e1tico. La direcci\\u00f3n de Xirgu impuso una manera muy particular de expresar el teatro cl\\u00e1sico.<br \\\/>M\\u00e1s all\\u00e1 del prestigio de la Comedia Nacional, el teatro uruguayo, ha sido nutrido durante el siglo XX por un teatro independiente vigoroso y fermental que contin\\u00faa siendo polea cultural, creativa y social de los intereses uruguayos y universales.<br \\\/>La Federaci\\u00f3n Uruguaya de Teatros Independientes (FUTI), es una entidad que agrupa una veintena de conjuntos teatrales montevideanos caracterizados por su compromiso con la actividad art\\u00edstica y los problemas sociales de los habitantes del pa\\u00eds. Entre las instituciones con mayor trayectoria hacemos referencia a: Teatro Italia Fausta (Complejo Cultural del Teatro Anglo), Teatro La Gaviota (Teatro Stella, Mercedes y Trist\\u00e1n Narvaja), Instituci\\u00f3n Teatral El Galp\\u00f3n (18 de Julio 1618), Teatro La Candela (entrada del Punta Carretas Shopping), Espacio Teatro (Mercedes 865), Teatro Victoria (R\\u00edo Negro 1479).<br \\\/>La Asociaci\\u00f3n de Teatros del Interior (ATI) concentra los principales conjuntos del interior del pa\\u00eds.<\\\/p>\",\"content_en_us\":\"\n\n<p>Uruguayan theater is one of the most important in Latin America. With more than 70 operating theaters, the billboard is strikingly extensive and varied with classic and modern shows for the most diverse tastes.<\\\/p>\\n\n\n<p>The Sol\\u00eds Theater, inaugurated in 1856, modernized in 1998 and reopened in 2005, is one of the emblematic buildings of the city of Montevideo and, particularly, of the Ciudad Vieja (Old City). As for the strictly theatrical activity, it is the scene of the most multitudinous representations of the National Comedy, dependent on the Departmental Intendancy of Montevideo.<br \\\/>The creation of the Comedia was a step forward in the professionalization of the Uruguayan theater at the time that it was looked for to create a space of programming to the national authors.<br \\\/>The Comedia Nacional presented its first show on October 2, 1947, \\\"El le\\u00f3n ciego\\\" (The Blind Lion) by Uruguayan Ernesto Herrera. In 1949, the relevant Catalan actress Margarita Xirgu was appointed artistic director and director of the Municipal School of Dramatic Art. Xirgu's direction imposed a very particular way of expressing classical theater.<br \\\/>Beyond the prestige of the Comedia Nacional, Uruguayan theater has been nurtured during the 20th century by a vigorous and fermenting independent theater that continues to be a cultural, creative and social pulley of Uruguayan and universal interests.<br \\\/>The Federaci\\u00f3n Uruguaya de Teatros Independientes (FUTI), is an entity that brings together some twenty theatrical groups from Montevideo characterized by their commitment to artistic activity and the social problems of the country's inhabitants. Among the institutions with the longest trajectory we refer to: Teatro Italia Fausta (Teatro Anglo Cultural Complex), Teatro La Gaviota (Teatro Stella, Mercedes and Trist\\u00e1n Narvaja), Instituci\\u00f3n Teatral El Galp\\u00f3n (18 de Julio 1618), Teatro La Candela (Punta Carretas Shopping entrance), Espacio Teatro (Mercedes 865), Teatro Victoria (R\\u00edo Negro 1479).<br \\\/>The Asociaci\\u00f3n de Teatros del Interior (ATI) concentrates the main groups of the interior of the country.<\\\/p>\",\"content_pt_br\":\"\n\n<p>O teatro uruguaio \\u00e9 um dos mais importantes da Am\\u00e9rica Latina. Com mais de 70 teatros em funcionamento, o cartaz \\u00e9 surpreendentemente extenso e variado, com espet\\u00e1culos cl\\u00e1ssicos e modernos para os mais diversos gostos.<\\\/p>\\n\n\n<p>O Teatro Sol\\u00eds, inaugurado em 1856, modernizado em 1998 e reinaugurado em 2005, \\u00e9 um dos edif\\u00edcios emblem\\u00e1ticos da cidade de Montevid\\u00e9u e, particularmente, da Ciudad Vieja (Cidade Velha). Em termos de atividade estritamente teatral, \\u00e9 o palco das mais variadas apresenta\\u00e7\\u00f5es da Comedia Nacional, que depende da Intend\\u00eancia Departamental de Montevid\\u00e9u.<br \\\/>A cria\\u00e7\\u00e3o da Comedia foi um passo \\u00e0 frente na profissionaliza\\u00e7\\u00e3o do teatro uruguaio e, ao mesmo tempo, buscou criar um espa\\u00e7o de programa\\u00e7\\u00e3o para autores nacionais.<br \\\/>A Comedia Nacional apresentou seu primeiro espet\\u00e1culo em 2 de outubro de 1947, \\\"El le\\u00f3n ciego\\\" (O le\\u00e3o cego), do uruguaio Ernesto Herrera. Em 1949, a relevante atriz catal\\u00e3 Margarita Xirgu foi nomeada diretora art\\u00edstica e diretora da Escuela Municipal de Arte Dram\\u00e1tico. A dire\\u00e7\\u00e3o de Xirgu imp\\u00f4s uma forma muito particular de expressar o teatro cl\\u00e1ssico.<br \\\/>Al\\u00e9m do prest\\u00edgio da Comedia Nacional, o teatro uruguaio foi nutrido durante o s\\u00e9culo XX por um teatro independente vigoroso e em plena fermenta\\u00e7\\u00e3o que continua a ser uma polia cultural, criativa e social de interesses uruguaios e universais.<br \\\/>A Federaci\\u00f3n Uruguaya de Teatros Independientes (FUTI) \\u00e9 uma entidade que re\\u00fane cerca de vinte grupos teatrais de Montevid\\u00e9u, caracterizados por seu compromisso com a atividade art\\u00edstica e com os problemas sociais dos habitantes do pa\\u00eds. Entre as institui\\u00e7\\u00f5es com a trajet\\u00f3ria mais longa, citamos: Teatro Italia Fausta (Complejo Cultural del Teatro Anglo), Teatro La Gaviota (Teatro Stella, Mercedes y Trist\\u00e1n Narvaja), Instituci\\u00f3n Teatral El Galp\\u00f3n (18 de Julio 1618), Teatro La Candela (entrada do Punta Carretas Shopping), Espacio Teatro (Mercedes 865), Teatro Victoria (R\\u00edo Negro 1479).<br \\\/>A Asociaci\\u00f3n de Teatros del Interior (ATI) concentra os principais grupos do interior do pa\\u00eds.<\\\/p>\",\"margin\":\"default\"}},{\"type\":\"gallery\",\"props\":{\"filter_align\":\"left\",\"filter_all\":true,\"filter_grid_breakpoint\":\"m\",\"filter_grid_width\":\"auto\",\"filter_position\":\"top\",\"filter_style\":\"tab\",\"grid_default\":\"1\",\"grid_medium\":\"3\",\"item_animation\":true,\"link_style\":\"default\",\"link_text\":\"Read more\",\"margin\":\"default\",\"meta_align\":\"below-title\",\"meta_element\":\"div\",\"meta_style\":\"text-meta\",\"overlay_hover\":true,\"overlay_mode\":\"cover\",\"overlay_position\":\"center\",\"overlay_style\":\"overlay-primary\",\"overlay_transition\":\"fade\",\"show_content\":false,\"show_hover_image\":false,\"show_link\":false,\"show_meta\":false,\"show_title\":true,\"text_align\":\"center\",\"text_color\":\"light\",\"title_element\":\"h3\",\"title_hover_style\":\"reset\"},\"children\":[{\"type\":\"gallery_item\",\"props\":{\"image\":\"\\\/wp-content\\\/uploads\\\/2023\\\/04\\\/LEO4245.jpg\",\"title\":\"Platea Teatro Sol\\u00eds\",\"title_en_us\":\"Sol\\u00eds Theater Stalls\",\"title_pt_br\":\"Plateias do Teatro Sol\\u00eds\"}},{\"type\":\"gallery_item\",\"props\":{\"image\":\"\\\/wp-content\\\/uploads\\\/2023\\\/04\\\/LEO4243.jpg\",\"title\":\"Escenario Sol\\u00eds\",\"title_en_us\":\"Solis Stage\",\"title_pt_br\":\"Est\\u00e1gio Solis\"}},{\"type\":\"gallery_item\",\"props\":{\"image\":\"\\\/wp-content\\\/uploads\\\/2023\\\/04\\\/LEO0247-2.jpg\",\"title\":\"Fachada Sol\\u00eds\",\"title_en_us\":\"Sol\\u00eds Facade\",\"title_pt_br\":\"Fachada do Sol\\u00eds\"}},{\"type\":\"gallery_item\",\"props\":{\"image\":\"\\\/wp-content\\\/uploads\\\/2023\\\/04\\\/LEO4246-2.jpg\",\"title\":\"Luminaria Sol\\u00eds\",\"title_en_us\":\"Sol\\u00eds Luminaire\",\"title_pt_br\":\"Lumin\\u00e1ria Solis\"}}]}]}]},{\"type\":\"row\",\"children\":[{\"type\":\"column\",\"props\":{\"image_position\":\"center-center\",\"media_overlay_gradient\":\"\",\"position_sticky_breakpoint\":\"m\"},\"children\":[{\"type\":\"headline\",\"props\":{\"content\":\"Links de inter\\u00e9s\",\"margin\":\"remove-vertical\",\"title_color\":\"primary\",\"title_element\":\"h3\"}},{\"type\":\"divider\",\"props\":{\"divider_element\":\"hr\",\"margin\":\"remove-vertical\"}},{\"name\":\"Button Icon Left\",\"type\":\"button\",\"children\":[{\"type\":\"button_item\",\"props\":{\"button_style\":\"text\",\"content\":\"Teatro Sol\\u00eds\",\"content_en_us\":\"Sol\\u00eds Theater\",\"content_pt_br\":\"Teatro Sol\\u00eds\",\"icon\":\"link\",\"icon_align\":\"left\",\"link\":\"www.teatrosolis.org.uy\"}}],\"props\":{\"block_align\":\"center\",\"grid_column_gap\":\"medium\",\"grid_row_gap\":\"medium\",\"margin\":\"default\",\"margin_remove_top\":false}},{\"name\":\"Button Icon Left\",\"type\":\"button\",\"children\":[{\"type\":\"button_item\",\"props\":{\"button_style\":\"text\",\"content\":\"El Sodre\",\"content_en_us\":\"The Sodre\",\"content_pt_br\":\"O Sodre\",\"icon\":\"link\",\"icon_align\":\"left\",\"link\":\"www.auditorio.com.uy\"}}],\"props\":{\"block_align\":\"center\",\"grid_column_gap\":\"medium\",\"grid_row_gap\":\"medium\",\"margin\":\"default\",\"margin_remove_top\":false}},{\"name\":\"Button Icon Left\",\"type\":\"button\",\"children\":[{\"type\":\"button_item\",\"props\":{\"button_style\":\"text\",\"content\":\"Federaci\\u00f3n Uruguaya de Teatros Independientes\",\"content_en_us\":\"Uruguayan Federation of Independent Theaters\",\"content_pt_br\":\"Federa\\u00e7\\u00e3o Uruguaia de Teatros Independentes\",\"icon\":\"link\",\"icon_align\":\"left\",\"link\":\"http:\\\/\\\/futiweb.blogspot.com\\\/\"}}],\"props\":{\"block_align\":\"center\",\"grid_column_gap\":\"medium\",\"grid_row_gap\":\"medium\",\"margin\":\"default\",\"margin_remove_top\":false}},{\"name\":\"Button Icon Left\",\"type\":\"button\",\"children\":[{\"type\":\"button_item\",\"props\":{\"button_style\":\"text\",\"content\":\"Sociedad Uruguaya de Actores\",\"content_en_us\":\"Uruguayan Society of Actors\",\"content_pt_br\":\"Sociedade Uruguaia de Atores\",\"icon\":\"link\",\"icon_align\":\"left\",\"link\":\"https:\\\/\\\/sua.org.uy\\\/\"}}],\"props\":{\"block_align\":\"center\",\"grid_column_gap\":\"medium\",\"grid_row_gap\":\"medium\",\"margin\":\"default\",\"margin_remove_top\":false}}]}]}]}],\"version\":\"3.0.18\"} --><\/p>\n","protected":false},"excerpt":{"rendered":"<p>Teatro El teatro uruguayo es uno de los m\u00e1s importantes en Latinoam\u00e9rica. Con m\u00e1s de 70 salas operativas, la cartelera es llamativamente extensa y variada con espect\u00e1culos cl\u00e1sicos y modernos para los gustos m\u00e1s diversos. El Teatro Sol\u00eds, inaugurado en 1856, modernizado desde 1998 y reinaugurado en 2005, es uno de los edificios emblem\u00e1ticos de [&hellip;]<\/p>\n","protected":false},"author":1,"featured_media":0,"parent":556,"menu_order":0,"comment_status":"closed","ping_status":"closed","template":"","meta":{"_acf_changed":false,"footnotes":""},"class_list":["post-690","page","type-page","status-publish","hentry"],"acf":[],"_links":{"self":[{"href":"https:\/\/uruguaynatural.com\/en\/wp-json\/wp\/v2\/pages\/690","targetHints":{"allow":["GET"]}}],"collection":[{"href":"https:\/\/uruguaynatural.com\/en\/wp-json\/wp\/v2\/pages"}],"about":[{"href":"https:\/\/uruguaynatural.com\/en\/wp-json\/wp\/v2\/types\/page"}],"author":[{"embeddable":true,"href":"https:\/\/uruguaynatural.com\/en\/wp-json\/wp\/v2\/users\/1"}],"replies":[{"embeddable":true,"href":"https:\/\/uruguaynatural.com\/en\/wp-json\/wp\/v2\/comments?post=690"}],"version-history":[{"count":6,"href":"https:\/\/uruguaynatural.com\/en\/wp-json\/wp\/v2\/pages\/690\/revisions"}],"predecessor-version":[{"id":3385,"href":"https:\/\/uruguaynatural.com\/en\/wp-json\/wp\/v2\/pages\/690\/revisions\/3385"}],"up":[{"embeddable":true,"href":"https:\/\/uruguaynatural.com\/en\/wp-json\/wp\/v2\/pages\/556"}],"wp:attachment":[{"href":"https:\/\/uruguaynatural.com\/en\/wp-json\/wp\/v2\/media?parent=690"}],"curies":[{"name":"wp","href":"https:\/\/api.w.org\/{rel}","templated":true}]}}